{"id":79305,"date":"2023-09-11T11:45:00","date_gmt":"2023-09-11T08:45:00","guid":{"rendered":"https:\/\/andrejevaite.com\/krepselis\/"},"modified":"2023-11-10T08:46:55","modified_gmt":"2023-11-10T06:46:55","slug":"krepselis","status":"publish","type":"page","link":"https:\/\/andrejevaite.com\/lt\/krepselis\/","title":{"rendered":"Krep\u0161elis"},"content":{"rendered":"\t\t<div data-elementor-type=\"wp-page\" data-elementor-id=\"79305\" class=\"elementor elementor-79305 elementor-27749\" data-elementor-post-type=\"page\">\n\t\t\t\t\t\t<section class=\"elementor-section elementor-top-section elementor-element elementor-element-07186c2 elementor-section-boxed elementor-section-height-default elementor-section-height-default\" data-id=\"07186c2\" data-element_type=\"section\" data-e-type=\"section\">\n\t\t\t\t\t\t<div class=\"elementor-container elementor-column-gap-default\">\n\t\t\t\t\t<div class=\"elementor-column elementor-col-100 elementor-top-column elementor-element elementor-element-7bb0bc6\" data-id=\"7bb0bc6\" data-element_type=\"column\" data-e-type=\"column\">\n\t\t\t<div class=\"elementor-widget-wrap elementor-element-populated\">\n\t\t\t\t\t\t<div class=\"elementor-element elementor-element-a4fc64f elementor-widget elementor-widget-heading\" data-id=\"a4fc64f\" data-element_type=\"widget\" data-e-type=\"widget\" data-widget_type=\"heading.default\">\n\t\t\t\t<div class=\"elementor-widget-container\">\n\t\t\t\t\t<h1 class=\"elementor-heading-title elementor-size-default\">Krep\u0161elis<\/h1>\t\t\t\t<\/div>\n\t\t\t\t<\/div>\n\t\t\t\t<div class=\"elementor-element elementor-element-b256dfa elementor-widget elementor-widget-spacer\" data-id=\"b256dfa\" data-element_type=\"widget\" data-e-type=\"widget\" data-widget_type=\"spacer.default\">\n\t\t\t\t<div class=\"elementor-widget-container\">\n\t\t\t\t\t\t\t<div class=\"elementor-spacer\">\n\t\t\t<div class=\"elementor-spacer-inner\"><\/div>\n\t\t<\/div>\n\t\t\t\t\t\t<\/div>\n\t\t\t\t<\/div>\n\t\t\t\t<div class=\"elementor-element elementor-element-d66d8f5 elementor-widget elementor-widget-wc-elements\" data-id=\"d66d8f5\" data-element_type=\"widget\" data-e-type=\"widget\" data-widget_type=\"wc-elements.default\">\n\t\t\t\t<div class=\"elementor-widget-container\">\n\t\t\t\t\t<div class=\"woocommerce\"><div class=\"woocommerce-notices-wrapper\"><\/div><div class=\"wc-empty-cart-message\">\n\t<div class=\"cart-empty woocommerce-info\" role=\"status\">\n        <div class=\"woocommerce-info-text\">Krep\u0161elis dar tu\u0161\u010dias.<\/div>\n        <span class=\"close-message\"><\/span>\n\t<\/div>\n<\/div>\t<p class=\"return-to-shop\">\n\t\t<a class=\"button wc-backward\" href=\"https:\/\/andrejevaite.com\/lt\/parduotuve\/\">\n\t\t\tGr\u012f\u017eti \u012f parduotuv\u0119\t\t<\/a>\n\t<\/p>\n<\/div>\t\t\t\t<\/div>\n\t\t\t\t<\/div>\n\t\t\t\t\t<\/div>\n\t\t<\/div>\n\t\t\t\t\t<\/div>\n\t\t<\/section>\n\t\t\t\t<\/div>\n\t\t","protected":false},"excerpt":{"rendered":"","protected":false},"author":1,"featured_media":0,"parent":0,"menu_order":10,"comment_status":"closed","ping_status":"closed","template":"elementor_header_footer","meta":{"inline_featured_image":false,"footnotes":""},"class_list":["post-79305","page","type-page","status-publish","hentry"],"yoast_head":"<!-- This site is optimized with the Yoast SEO plugin v27.3 - https:\/\/yoast.com\/product\/yoast-seo-wordpress\/ -->\n<title>Krep\u0161elis | andrejevaite.com<\/title>\n<meta name=\"description\" content=\"J\u016bs\u0173 pirkini\u0173 krep\u0161elis. I\u0161sirink\u0119 prekes \u010dia galite jas dar kart\u0105 per\u017ei\u016br\u0117ti ir pereiti prie kito \u017eingnio - apmok\u0117jimo.\" \/>\n<meta name=\"robots\" content=\"index, follow, max-snippet:-1, max-image-preview:large, max-video-preview:-1\" \/>\n<link rel=\"canonical\" href=\"https:\/\/andrejevaite.com\/lt\/krepselis\/\" \/>\n<meta property=\"og:locale\" content=\"lt_LT\" \/>\n<meta property=\"og:type\" content=\"article\" \/>\n<meta property=\"og:title\" content=\"Krep\u0161elis | andrejevaite.com\" \/>\n<meta property=\"og:description\" content=\"J\u016bs\u0173 pirkini\u0173 krep\u0161elis. I\u0161sirink\u0119 prekes \u010dia galite jas dar kart\u0105 per\u017ei\u016br\u0117ti ir pereiti prie kito \u017eingnio - apmok\u0117jimo.\" \/>\n<meta property=\"og:url\" content=\"https:\/\/andrejevaite.com\/lt\/krepselis\/\" \/>\n<meta property=\"og:site_name\" content=\"Egl\u0117 Andrejevait\u0117\" \/>\n<meta property=\"article:modified_time\" content=\"2023-11-10T06:46:55+00:00\" \/>\n<meta name=\"twitter:label1\" content=\"Est. reading time\" \/>\n\t<meta name=\"twitter:data1\" content=\"1 minut\u0117\" \/>\n<script type=\"application\/ld+json\" class=\"yoast-schema-graph\">{\"@context\":\"https:\\\/\\\/schema.org\",\"@graph\":[{\"@type\":\"WebPage\",\"@id\":\"https:\\\/\\\/andrejevaite.com\\\/lt\\\/krepselis\\\/\",\"url\":\"https:\\\/\\\/andrejevaite.com\\\/lt\\\/krepselis\\\/\",\"name\":\"Krep\u0161elis | andrejevaite.com\",\"isPartOf\":{\"@id\":\"https:\\\/\\\/andrejevaite.com\\\/lt\\\/#website\"},\"datePublished\":\"2023-09-11T08:45:00+00:00\",\"dateModified\":\"2023-11-10T06:46:55+00:00\",\"description\":\"J\u016bs\u0173 pirkini\u0173 krep\u0161elis. I\u0161sirink\u0119 prekes \u010dia galite jas dar kart\u0105 per\u017ei\u016br\u0117ti ir pereiti prie kito \u017eingnio - apmok\u0117jimo.\",\"breadcrumb\":{\"@id\":\"https:\\\/\\\/andrejevaite.com\\\/lt\\\/krepselis\\\/#breadcrumb\"},\"inLanguage\":\"lt-LT\",\"potentialAction\":[{\"@type\":\"ReadAction\",\"target\":[\"https:\\\/\\\/andrejevaite.com\\\/lt\\\/krepselis\\\/\"]}]},{\"@type\":\"BreadcrumbList\",\"@id\":\"https:\\\/\\\/andrejevaite.com\\\/lt\\\/krepselis\\\/#breadcrumb\",\"itemListElement\":[{\"@type\":\"ListItem\",\"position\":1,\"name\":\"Prad\u017eia\",\"item\":\"https:\\\/\\\/andrejevaite.com\\\/lt\\\/\"},{\"@type\":\"ListItem\",\"position\":2,\"name\":\"Krep\u0161elis\"}]},{\"@type\":\"WebSite\",\"@id\":\"https:\\\/\\\/andrejevaite.com\\\/lt\\\/#website\",\"url\":\"https:\\\/\\\/andrejevaite.com\\\/lt\\\/\",\"name\":\"Egl\u0117 Andrejevait\u0117\",\"description\":\"Concert pianist\",\"potentialAction\":[{\"@type\":\"SearchAction\",\"target\":{\"@type\":\"EntryPoint\",\"urlTemplate\":\"https:\\\/\\\/andrejevaite.com\\\/lt\\\/?s={search_term_string}\"},\"query-input\":{\"@type\":\"PropertyValueSpecification\",\"valueRequired\":true,\"valueName\":\"search_term_string\"}}],\"inLanguage\":\"lt-LT\"}]}<\/script>\n<!-- \/ Yoast SEO plugin. -->","yoast_head_json":{"title":"Krep\u0161elis | andrejevaite.com","description":"J\u016bs\u0173 pirkini\u0173 krep\u0161elis. I\u0161sirink\u0119 prekes \u010dia galite jas dar kart\u0105 per\u017ei\u016br\u0117ti ir pereiti prie kito \u017eingnio - apmok\u0117jimo.","robots":{"index":"index","follow":"follow","max-snippet":"max-snippet:-1","max-image-preview":"max-image-preview:large","max-video-preview":"max-video-preview:-1"},"canonical":"https:\/\/andrejevaite.com\/lt\/krepselis\/","og_locale":"lt_LT","og_type":"article","og_title":"Krep\u0161elis | andrejevaite.com","og_description":"J\u016bs\u0173 pirkini\u0173 krep\u0161elis. I\u0161sirink\u0119 prekes \u010dia galite jas dar kart\u0105 per\u017ei\u016br\u0117ti ir pereiti prie kito \u017eingnio - apmok\u0117jimo.","og_url":"https:\/\/andrejevaite.com\/lt\/krepselis\/","og_site_name":"Egl\u0117 Andrejevait\u0117","article_modified_time":"2023-11-10T06:46:55+00:00","twitter_misc":{"Est. reading time":"1 minut\u0117"},"schema":{"@context":"https:\/\/schema.org","@graph":[{"@type":"WebPage","@id":"https:\/\/andrejevaite.com\/lt\/krepselis\/","url":"https:\/\/andrejevaite.com\/lt\/krepselis\/","name":"Krep\u0161elis | andrejevaite.com","isPartOf":{"@id":"https:\/\/andrejevaite.com\/lt\/#website"},"datePublished":"2023-09-11T08:45:00+00:00","dateModified":"2023-11-10T06:46:55+00:00","description":"J\u016bs\u0173 pirkini\u0173 krep\u0161elis. I\u0161sirink\u0119 prekes \u010dia galite jas dar kart\u0105 per\u017ei\u016br\u0117ti ir pereiti prie kito \u017eingnio - apmok\u0117jimo.","breadcrumb":{"@id":"https:\/\/andrejevaite.com\/lt\/krepselis\/#breadcrumb"},"inLanguage":"lt-LT","potentialAction":[{"@type":"ReadAction","target":["https:\/\/andrejevaite.com\/lt\/krepselis\/"]}]},{"@type":"BreadcrumbList","@id":"https:\/\/andrejevaite.com\/lt\/krepselis\/#breadcrumb","itemListElement":[{"@type":"ListItem","position":1,"name":"Prad\u017eia","item":"https:\/\/andrejevaite.com\/lt\/"},{"@type":"ListItem","position":2,"name":"Krep\u0161elis"}]},{"@type":"WebSite","@id":"https:\/\/andrejevaite.com\/lt\/#website","url":"https:\/\/andrejevaite.com\/lt\/","name":"Egl\u0117 Andrejevait\u0117","description":"Concert pianist","potentialAction":[{"@type":"SearchAction","target":{"@type":"EntryPoint","urlTemplate":"https:\/\/andrejevaite.com\/lt\/?s={search_term_string}"},"query-input":{"@type":"PropertyValueSpecification","valueRequired":true,"valueName":"search_term_string"}}],"inLanguage":"lt-LT"}]}},"_links":{"self":[{"href":"https:\/\/andrejevaite.com\/lt\/wp-json\/wp\/v2\/pages\/79305","targetHints":{"allow":["GET"]}}],"collection":[{"href":"https:\/\/andrejevaite.com\/lt\/wp-json\/wp\/v2\/pages"}],"about":[{"href":"https:\/\/andrejevaite.com\/lt\/wp-json\/wp\/v2\/types\/page"}],"author":[{"embeddable":true,"href":"https:\/\/andrejevaite.com\/lt\/wp-json\/wp\/v2\/users\/1"}],"replies":[{"embeddable":true,"href":"https:\/\/andrejevaite.com\/lt\/wp-json\/wp\/v2\/comments?post=79305"}],"version-history":[{"count":0,"href":"https:\/\/andrejevaite.com\/lt\/wp-json\/wp\/v2\/pages\/79305\/revisions"}],"wp:attachment":[{"href":"https:\/\/andrejevaite.com\/lt\/wp-json\/wp\/v2\/media?parent=79305"}],"curies":[{"name":"wp","href":"https:\/\/api.w.org\/{rel}","templated":true}]}}