{"id":79767,"date":"2023-03-31T18:24:39","date_gmt":"2023-03-31T15:24:39","guid":{"rendered":"https:\/\/andrejevaite.com\/?page_id=79767"},"modified":"2025-12-12T16:09:42","modified_gmt":"2025-12-12T14:09:42","slug":"privatumo-politika","status":"publish","type":"page","link":"https:\/\/andrejevaite.com\/lt\/privatumo-politika\/","title":{"rendered":"Privatumo politika"},"content":{"rendered":"\t\t<div data-elementor-type=\"wp-page\" data-elementor-id=\"79767\" class=\"elementor elementor-79767 elementor-3\" data-elementor-post-type=\"page\">\n\t\t\t\t\t\t<section class=\"elementor-section elementor-top-section elementor-element elementor-element-93c621b elementor-section-boxed elementor-section-height-default elementor-section-height-default\" data-id=\"93c621b\" data-element_type=\"section\" data-e-type=\"section\">\n\t\t\t\t\t\t<div class=\"elementor-container elementor-column-gap-default\">\n\t\t\t\t\t<div class=\"elementor-column elementor-col-100 elementor-top-column elementor-element elementor-element-650f99e\" data-id=\"650f99e\" data-element_type=\"column\" data-e-type=\"column\">\n\t\t\t<div class=\"elementor-widget-wrap elementor-element-populated\">\n\t\t\t\t\t\t<div class=\"elementor-element elementor-element-2c5375b elementor-widget__width-auto elementor-widget elementor-widget-heading\" data-id=\"2c5375b\" data-element_type=\"widget\" data-e-type=\"widget\" data-widget_type=\"heading.default\">\n\t\t\t\t<div class=\"elementor-widget-container\">\n\t\t\t\t\t<p class=\"elementor-heading-title elementor-size-default\">andrejevaite.com<\/p>\t\t\t\t<\/div>\n\t\t\t\t<\/div>\n\t\t\t\t<div class=\"elementor-element elementor-element-2bc946c elementor-widget elementor-widget-spacer\" data-id=\"2bc946c\" data-element_type=\"widget\" data-e-type=\"widget\" data-widget_type=\"spacer.default\">\n\t\t\t\t<div class=\"elementor-widget-container\">\n\t\t\t\t\t\t\t<div class=\"elementor-spacer\">\n\t\t\t<div class=\"elementor-spacer-inner\"><\/div>\n\t\t<\/div>\n\t\t\t\t\t\t<\/div>\n\t\t\t\t<\/div>\n\t\t\t\t<div class=\"elementor-element elementor-element-981c0d3 elementor-widget__width-initial elementor-widget elementor-widget-heading\" data-id=\"981c0d3\" data-element_type=\"widget\" data-e-type=\"widget\" data-widget_type=\"heading.default\">\n\t\t\t\t<div class=\"elementor-widget-container\">\n\t\t\t\t\t<h1 class=\"elementor-heading-title elementor-size-default\">Privatumo politika<\/h1>\t\t\t\t<\/div>\n\t\t\t\t<\/div>\n\t\t\t\t\t<\/div>\n\t\t<\/div>\n\t\t\t\t\t<\/div>\n\t\t<\/section>\n\t\t\t\t<section class=\"elementor-section elementor-top-section elementor-element elementor-element-4daf1ee2 elementor-section-boxed elementor-section-height-default elementor-section-height-default\" data-id=\"4daf1ee2\" data-element_type=\"section\" data-e-type=\"section\">\n\t\t\t\t\t\t<div class=\"elementor-container elementor-column-gap-no\">\n\t\t\t\t\t<div class=\"elementor-column elementor-col-100 elementor-top-column elementor-element elementor-element-2141e06d\" data-id=\"2141e06d\" data-element_type=\"column\" data-e-type=\"column\">\n\t\t\t<div class=\"elementor-widget-wrap elementor-element-populated\">\n\t\t\t\t\t\t<div class=\"elementor-element elementor-element-ab73057 elementor-widget elementor-widget-text-editor\" data-id=\"ab73057\" data-element_type=\"widget\" data-e-type=\"widget\" data-widget_type=\"text-editor.default\">\n\t\t\t\t<div class=\"elementor-widget-container\">\n\t\t\t\t\t\t\t\t\t<p>Paskutinis atnaujinimas 2025 m. rugs\u0117jo 19 d.<br \/>\u012esigaliojimo data 2025 m. liepos 28 d.<\/p><p>\u0160iame puslapyje yra apra\u0161oma V\u0161\u012e fortepijono studija \u201eTonArt\u201c, Vilniaus g. 16, Vilnius LT-01402, Lietuva, el. pa\u0161tas: info@tonart.lt , tel. +370 684 37383, privatumo politika ir j\u016bs\u0173 informacijos, kuri\u0105 renkame, kai naudojat\u0117s m\u016bs\u0173 svetaine (https:\/\/andrejevaite.com) (\u201eTinklalapis\u201c), rinkimo, naudojimo ir atskleidimo. Prieidami prie Tinklalapio ar j\u0105 naudodami, sutinkate, kad j\u016bs\u0173 informacija b\u016bt\u0173 renkama, naudojama ir atskleid\u017eiama pagal \u0161i\u0105 Privatumo politik\u0105. Jei nesutinkate su \u0161ia politika, pra\u0161ome nesinaudoti Tinklalapiu.<\/p><p>Mes galime bet kuriuo metu be i\u0161ankstinio \u012fsp\u0117jimo keisti \u0161i\u0105 Privatumo politik\u0105 ir paskelbti atnaujint\u0105 Privatumo politik\u0105 Tinklalapyje. Atnaujinta politika \u012fsigalios pra\u0117jus 180 dien\u0173 nuo jos paskelbimo Tinklalapyje, o j\u016bs\u0173 tolesnis naudojimasis Tinklalapiu po \u0161io laiko reik\u0161, kad sutinkate su atnaujinta Privatumo politika. Tod\u0117l rekomenduojame periodi\u0161kai per\u017ei\u016br\u0117ti \u0161\u012f puslap\u012f.<\/p><h2>Informacija, kuri\u0105 renkame<\/h2><p>Mes renkame ir tvarkome \u0161i\u0105 j\u016bs\u0173 asmenin\u0119 informacij\u0105:<\/p><ul><li>Vardas, pavard\u0117<\/li><li>El. pa\u0161tas<\/li><li>Mobilusis telefono numeris<\/li><li>Adresas<\/li><li>Mok\u0117jimo informacija<\/li><\/ul><h2>Kaip mes naudojame j\u016bs\u0173 informacij\u0105<\/h2><p>Mes naudosime apie jus surinkt\u0105 informacij\u0105 \u0161iais tikslais:<\/p><ul><li>Rinkodara\/reklama<\/li><li>Atsiliepimai<\/li><li>Klient\u0173 atsiliepim\u0173 rinkimas<\/li><li>Mok\u0117jim\u0173 apdorojimas<\/li><li>Pagalba<\/li><li>Administravimo informacija<\/li><li>Tikslin\u0117 reklama<\/li><li>Klient\u0173 u\u017esakym\u0173 tvarkymas<\/li><li>Svetain\u0117s apsauga<\/li><\/ul><p>Jei nor\u0117sime naudoti j\u016bs\u0173 informacij\u0105 bet kokiu kitu tikslu, papra\u0161ysime j\u016bs\u0173 sutikimo ir naudoti j\u016bs\u0173 informacij\u0105 gal\u0117sime tik gav\u0119 j\u016bs\u0173 sutikim\u0105 ir tik tuo tikslu (-ais), kuriam (-iems) sutikote, i\u0161skyrus atvejus, kai \u012fstatymai reikalauja elgtis kitaip.<\/p><h2>Kaip mes dalijam\u0117s j\u016bs\u0173 informacija<\/h2><p>Mes neperduosime j\u016bs\u0173 asmenin\u0117s informacijos jokiai tre\u010diajai \u0161aliai be j\u016bs\u0173 sutikimo, i\u0161skyrus i\u0161vardytus atvejus:<\/p><ul><li>Analitika<\/li><li>Mok\u0117jimo paslaugos<\/li><\/ul><p>Mes reikalaujame, kad tokios tre\u010diosios \u0161alys naudot\u0173 joms perduot\u0105 asmenin\u0119 informacij\u0105 tik tam tikslui, kuriam ji buvo perduota, ir nesaugot\u0173 jos ilgiau, nei reikia min\u0117tam tikslui pasiekti.<\/p><p>Mes taip pat galime atskleisti j\u016bs\u0173 asmenin\u0119 informacij\u0105 \u0161iais atvejais: (1) siekdami laikytis galiojan\u010di\u0173 \u012fstatym\u0173, reglament\u0173, teismo nutar\u010di\u0173 ar kit\u0173 teisini\u0173 proced\u016br\u0173; (2) siekdami u\u017etikrinti j\u016bs\u0173 susitarim\u0173 su mumis, \u012fskaitant \u0161i\u0105 privatumo politik\u0105, vykdym\u0105; arba (3) siekdami atsakyti \u012f skundus, kad j\u016bs\u0173 naudojimasis Tinklalapiu pa\u017eeid\u017eia tre\u010di\u0173j\u0173 \u0161ali\u0173 teises. Jei Tinklalapis ar m\u016bs\u0173 \u012fmon\u0117 bus sujungta ar \u012fsigyta kitos \u012fmon\u0117s, j\u016bs\u0173 informacija bus vienas i\u0161 turto objekt\u0173, perduodam\u0173 naujajam savininkui.<\/p><h2>J\u016bs\u0173 informacijos saugojimas<\/h2><p>Mes saugosime j\u016bs\u0173 asmenin\u0119 informacij\u0105 nuo 90 dien\u0173 iki 2 met\u0173 po to, kai vartotojai pa\u0161alins savo paskyras, arba tiek, kiek mums jos reik\u0117s, kad gal\u0117tume \u012fvykdyti tikslus, d\u0117l kuri\u0173 ji buvo surinkta, kaip nurodyta \u0161ioje privatumo politikoje. Mums gali prireikti saugoti tam tikr\u0105 informacij\u0105 ilgesn\u012f laikotarp\u012f, pvz., duomen\u0173 saugojimo \/ ataskait\u0173 teikimo tikslais pagal galiojan\u010dius \u012fstatymus arba d\u0117l kit\u0173 teis\u0117t\u0173 prie\u017eas\u010di\u0173, pvz., teisini\u0173 teisi\u0173 \u012fgyvendinimo, suk\u010diavimo prevencijos ir pan. Likusios anonimin\u0117s informacijos ir suvestin\u0117s informacijos, kurios nei viena i\u0161 j\u0173 (tiesiogiai ar netiesiogiai) neidentifikuoja j\u016bs\u0173, gali b\u016bti saugomos neribot\u0105 laik\u0105.<\/p><h2>J\u016bs\u0173 teis\u0117s<\/h2><p>Priklausomai nuo taikytinos teis\u0117s, j\u016bs turite teis\u0119 susipa\u017einti su savo asmens duomenimis, juos i\u0161taisyti ar i\u0161trinti, gauti j\u0173 kopij\u0105, apriboti ar nesutikti su aktyviu j\u016bs\u0173 duomen\u0173 tvarkymu, papra\u0161yti m\u016bs\u0173 perduoti (perkelti) j\u016bs\u0173 asmens duomenis kitam subjektui, at\u0161aukti bet kok\u012f sutikim\u0105, kur\u012f mums suteik\u0117te tvarkyti j\u016bs\u0173 duomenis, teis\u0119 pateikti skund\u0105 \u012fstatym\u0173 nustatyta tvarka ir kitas teises, kurios gali b\u016bti taikomos pagal galiojan\u010dius \u012fstatymus. Nor\u0117dami pasinaudoti \u0161iomis teis\u0117mis, galite mums para\u0161yti adresu info@tonart.lt. Mes atsakysime \u012f j\u016bs\u0173 pra\u0161ym\u0105 pagal galiojan\u010dius \u012fstatymus.<br \/>J\u016bs galite atsisakyti tiesiogin\u0117s rinkodaros komunikacijos arba profiliavimo, kur\u012f atliekame rinkodaros tikslais, para\u0161ydami mums adresu info@tonart.lt.<br \/>Atkreipkite d\u0117mes\u012f, kad jei neleisite mums rinkti ar tvarkyti reikiam\u0173 asmens duomen\u0173 arba at\u0161auksite sutikim\u0105 tvarkyti juos reikiamais tikslais, galb\u016bt negal\u0117site naudotis paslaugomis, kurioms buvo pra\u0161oma j\u016bs\u0173 duomen\u0173.<\/p><h2>Slapukai ir kt.<\/h2><p>Nor\u0117dami su\u017einoti daugiau apie tai, kaip mes juos naudojame, ir apie j\u016bs\u0173 pasirinkimus, susijusius su steb\u0117jimo priemon\u0117mis, pra\u0161ome susipa\u017einti su m\u016bs\u0173 <a href=\"https:\/\/andrejevaite.com\/lt\/slapuku-politika\/\">Slapuk\u0173 politika<\/a>.<\/p><h2>Saugumas<\/h2><p>J\u016bs\u0173 informacijos saugumas mums yra svarbus, tod\u0117l mes taikysime pagr\u012fstas saugumo priemones, kad u\u017ekirstume keli\u0105 m\u016bs\u0173 kontroliuojamos informacijos praradimui, netinkamam naudojimui ar neteis\u0117tam keitimui. Ta\u010diau, atsi\u017evelgiant \u012f b\u016bding\u0105 rizik\u0105, mes negalime garantuoti absoliutaus saugumo, tod\u0117l negalime u\u017etikrinti ar garantuoti j\u016bs\u0173 mums perduodamos informacijos saugumo, ir j\u016bs tai darote savo pa\u010di\u0173 rizika.<\/p><h2>Tre\u010di\u0173j\u0173 \u0161ali\u0173 nuorodos ir j\u016bs\u0173 informacijos naudojimas:<\/h2><p>M\u016bs\u0173 Paslauga gali tur\u0117ti nuorod\u0173 \u012f kitas svetaines, kuri\u0173 mes nevaldome. \u0160i Privatumo politika netaikoma tre\u010di\u0173j\u0173 \u0161ali\u0173 privatumo politikai ir kitai veiklai, \u012fskaitant tre\u010di\u0105sias \u0161alis, valdan\u010dias bet kokias svetaines ar paslaugas, prieinamas per nuorod\u0105 Tinklalapyje. Rekomenduojame per\u017ei\u016br\u0117ti kiekvienos lankomos svetain\u0117s privatumo politik\u0105. Mes nekontroliuojame ir neprisiimame atsakomyb\u0117s u\u017e tre\u010di\u0173j\u0173 \u0161ali\u0173 svetaini\u0173 ar paslaug\u0173 turin\u012f, privatumo politik\u0105 ar veikl\u0105.<\/p><h2>Skundai \/ Duomen\u0173 apsaugos pareig\u016bnas<\/h2><p>Jei turite klausim\u0173 ar abejoni\u0173 d\u0117l m\u016bs\u0173 turimos informacijos apie jus tvarkymo, galite ra\u0161yti elektroniniu pa\u0161tu m\u016bs\u0173 skund\u0173 pareig\u016bnui adresu V\u0161\u012e fortepijono studija \u201eTonArt\u201c, Vilniaus g. 16, Vilnius, el. pa\u0161tas: egle@andrejevaite.com. Mes i\u0161spr\u0119sime j\u016bs\u0173 klausimus pagal galiojan\u010dius teis\u0117s aktus.<\/p>\t\t\t\t\t\t\t\t<\/div>\n\t\t\t\t<\/div>\n\t\t\t\t\t<\/div>\n\t\t<\/div>\n\t\t\t\t\t<\/div>\n\t\t<\/section>\n\t\t\t\t<\/div>\n\t\t","protected":false},"excerpt":{"rendered":"<p>andrejevaite.com Privatumo politika Paskutinis atnaujinimas 2025 m. rugs\u0117jo 19 d.\u012esigaliojimo data 2025 m. liepos 28 d. \u0160iame puslapyje yra apra\u0161oma V\u0161\u012e fortepijono studija \u201eTonArt\u201c, Vilniaus g. 16, Vilnius LT-01402, Lietuva, el. pa\u0161tas: info@tonart.lt , tel. +370 684 37383, privatumo politika ir j\u016bs\u0173 informacijos, kuri\u0105 renkame, kai naudojat\u0117s m\u016bs\u0173 svetaine (https:\/\/andrejevaite.com) (\u201eTinklalapis\u201c), rinkimo, naudojimo ir atskleidimo.&hellip;<\/p>\n","protected":false},"author":1,"featured_media":0,"parent":0,"menu_order":0,"comment_status":"closed","ping_status":"open","template":"elementor_header_footer","meta":{"inline_featured_image":false,"footnotes":""},"class_list":["post-79767","page","type-page","status-publish","hentry"],"yoast_head":"<!-- This site is optimized with the Yoast SEO plugin v27.3 - https:\/\/yoast.com\/product\/yoast-seo-wordpress\/ -->\n<title>Privatumo politika | andrejevaite.com<\/title>\n<meta name=\"description\" content=\"\u0160i privatumo politika apibr\u0117\u017eia V\u0161\u012e fortepijono studijos \u201eTonArt\u201d naudojam\u0105 privatumo politik\u0105 bei s\u0105lygas.\" \/>\n<meta name=\"robots\" content=\"index, follow, max-snippet:-1, max-image-preview:large, max-video-preview:-1\" \/>\n<link rel=\"canonical\" href=\"https:\/\/andrejevaite.com\/lt\/privatumo-politika\/\" \/>\n<meta property=\"og:locale\" content=\"lt_LT\" \/>\n<meta property=\"og:type\" content=\"article\" \/>\n<meta property=\"og:title\" content=\"Privatumo politika | andrejevaite.com\" \/>\n<meta property=\"og:description\" content=\"\u0160i privatumo politika apibr\u0117\u017eia V\u0161\u012e fortepijono studijos \u201eTonArt\u201d naudojam\u0105 privatumo politik\u0105 bei s\u0105lygas.\" \/>\n<meta property=\"og:url\" content=\"https:\/\/andrejevaite.com\/lt\/privatumo-politika\/\" \/>\n<meta property=\"og:site_name\" content=\"Egl\u0117 Andrejevait\u0117\" \/>\n<meta property=\"article:modified_time\" content=\"2025-12-12T14:09:42+00:00\" \/>\n<meta name=\"twitter:label1\" content=\"Est. reading time\" \/>\n\t<meta name=\"twitter:data1\" content=\"5 minut\u0117s\" \/>\n<script type=\"application\/ld+json\" class=\"yoast-schema-graph\">{\"@context\":\"https:\\\/\\\/schema.org\",\"@graph\":[{\"@type\":\"WebPage\",\"@id\":\"https:\\\/\\\/andrejevaite.com\\\/lt\\\/privatumo-politika\\\/\",\"url\":\"https:\\\/\\\/andrejevaite.com\\\/lt\\\/privatumo-politika\\\/\",\"name\":\"Privatumo politika | andrejevaite.com\",\"isPartOf\":{\"@id\":\"https:\\\/\\\/andrejevaite.com\\\/lt\\\/#website\"},\"datePublished\":\"2023-03-31T15:24:39+00:00\",\"dateModified\":\"2025-12-12T14:09:42+00:00\",\"description\":\"\u0160i privatumo politika apibr\u0117\u017eia V\u0161\u012e fortepijono studijos \u201eTonArt\u201d naudojam\u0105 privatumo politik\u0105 bei s\u0105lygas.\",\"breadcrumb\":{\"@id\":\"https:\\\/\\\/andrejevaite.com\\\/lt\\\/privatumo-politika\\\/#breadcrumb\"},\"inLanguage\":\"lt-LT\",\"potentialAction\":[{\"@type\":\"ReadAction\",\"target\":[\"https:\\\/\\\/andrejevaite.com\\\/lt\\\/privatumo-politika\\\/\"]}]},{\"@type\":\"BreadcrumbList\",\"@id\":\"https:\\\/\\\/andrejevaite.com\\\/lt\\\/privatumo-politika\\\/#breadcrumb\",\"itemListElement\":[{\"@type\":\"ListItem\",\"position\":1,\"name\":\"Prad\u017eia\",\"item\":\"https:\\\/\\\/andrejevaite.com\\\/lt\\\/\"},{\"@type\":\"ListItem\",\"position\":2,\"name\":\"Privatumo politika\"}]},{\"@type\":\"WebSite\",\"@id\":\"https:\\\/\\\/andrejevaite.com\\\/lt\\\/#website\",\"url\":\"https:\\\/\\\/andrejevaite.com\\\/lt\\\/\",\"name\":\"Egl\u0117 Andrejevait\u0117\",\"description\":\"Concert pianist\",\"potentialAction\":[{\"@type\":\"SearchAction\",\"target\":{\"@type\":\"EntryPoint\",\"urlTemplate\":\"https:\\\/\\\/andrejevaite.com\\\/lt\\\/?s={search_term_string}\"},\"query-input\":{\"@type\":\"PropertyValueSpecification\",\"valueRequired\":true,\"valueName\":\"search_term_string\"}}],\"inLanguage\":\"lt-LT\"}]}<\/script>\n<!-- \/ Yoast SEO plugin. -->","yoast_head_json":{"title":"Privatumo politika | andrejevaite.com","description":"\u0160i privatumo politika apibr\u0117\u017eia V\u0161\u012e fortepijono studijos \u201eTonArt\u201d naudojam\u0105 privatumo politik\u0105 bei s\u0105lygas.","robots":{"index":"index","follow":"follow","max-snippet":"max-snippet:-1","max-image-preview":"max-image-preview:large","max-video-preview":"max-video-preview:-1"},"canonical":"https:\/\/andrejevaite.com\/lt\/privatumo-politika\/","og_locale":"lt_LT","og_type":"article","og_title":"Privatumo politika | andrejevaite.com","og_description":"\u0160i privatumo politika apibr\u0117\u017eia V\u0161\u012e fortepijono studijos \u201eTonArt\u201d naudojam\u0105 privatumo politik\u0105 bei s\u0105lygas.","og_url":"https:\/\/andrejevaite.com\/lt\/privatumo-politika\/","og_site_name":"Egl\u0117 Andrejevait\u0117","article_modified_time":"2025-12-12T14:09:42+00:00","twitter_misc":{"Est. reading time":"5 minut\u0117s"},"schema":{"@context":"https:\/\/schema.org","@graph":[{"@type":"WebPage","@id":"https:\/\/andrejevaite.com\/lt\/privatumo-politika\/","url":"https:\/\/andrejevaite.com\/lt\/privatumo-politika\/","name":"Privatumo politika | andrejevaite.com","isPartOf":{"@id":"https:\/\/andrejevaite.com\/lt\/#website"},"datePublished":"2023-03-31T15:24:39+00:00","dateModified":"2025-12-12T14:09:42+00:00","description":"\u0160i privatumo politika apibr\u0117\u017eia V\u0161\u012e fortepijono studijos \u201eTonArt\u201d naudojam\u0105 privatumo politik\u0105 bei s\u0105lygas.","breadcrumb":{"@id":"https:\/\/andrejevaite.com\/lt\/privatumo-politika\/#breadcrumb"},"inLanguage":"lt-LT","potentialAction":[{"@type":"ReadAction","target":["https:\/\/andrejevaite.com\/lt\/privatumo-politika\/"]}]},{"@type":"BreadcrumbList","@id":"https:\/\/andrejevaite.com\/lt\/privatumo-politika\/#breadcrumb","itemListElement":[{"@type":"ListItem","position":1,"name":"Prad\u017eia","item":"https:\/\/andrejevaite.com\/lt\/"},{"@type":"ListItem","position":2,"name":"Privatumo politika"}]},{"@type":"WebSite","@id":"https:\/\/andrejevaite.com\/lt\/#website","url":"https:\/\/andrejevaite.com\/lt\/","name":"Egl\u0117 Andrejevait\u0117","description":"Concert pianist","potentialAction":[{"@type":"SearchAction","target":{"@type":"EntryPoint","urlTemplate":"https:\/\/andrejevaite.com\/lt\/?s={search_term_string}"},"query-input":{"@type":"PropertyValueSpecification","valueRequired":true,"valueName":"search_term_string"}}],"inLanguage":"lt-LT"}]}},"_links":{"self":[{"href":"https:\/\/andrejevaite.com\/lt\/wp-json\/wp\/v2\/pages\/79767","targetHints":{"allow":["GET"]}}],"collection":[{"href":"https:\/\/andrejevaite.com\/lt\/wp-json\/wp\/v2\/pages"}],"about":[{"href":"https:\/\/andrejevaite.com\/lt\/wp-json\/wp\/v2\/types\/page"}],"author":[{"embeddable":true,"href":"https:\/\/andrejevaite.com\/lt\/wp-json\/wp\/v2\/users\/1"}],"replies":[{"embeddable":true,"href":"https:\/\/andrejevaite.com\/lt\/wp-json\/wp\/v2\/comments?post=79767"}],"version-history":[{"count":6,"href":"https:\/\/andrejevaite.com\/lt\/wp-json\/wp\/v2\/pages\/79767\/revisions"}],"predecessor-version":[{"id":81537,"href":"https:\/\/andrejevaite.com\/lt\/wp-json\/wp\/v2\/pages\/79767\/revisions\/81537"}],"wp:attachment":[{"href":"https:\/\/andrejevaite.com\/lt\/wp-json\/wp\/v2\/media?parent=79767"}],"curies":[{"name":"wp","href":"https:\/\/api.w.org\/{rel}","templated":true}]}}