{"id":81519,"date":"2025-09-19T12:21:10","date_gmt":"2025-09-19T09:21:10","guid":{"rendered":"https:\/\/andrejevaite.com\/?page_id=81519"},"modified":"2025-12-12T17:05:36","modified_gmt":"2025-12-12T15:05:36","slug":"slapuku-politika","status":"publish","type":"page","link":"https:\/\/andrejevaite.com\/lt\/slapuku-politika\/","title":{"rendered":"Slapuk\u0173 politika"},"content":{"rendered":"\t\t<div data-elementor-type=\"wp-page\" data-elementor-id=\"81519\" class=\"elementor elementor-81519 elementor-81442\" data-elementor-post-type=\"page\">\n\t\t\t\t\t\t<section class=\"elementor-section elementor-top-section elementor-element elementor-element-78ced56 elementor-section-boxed elementor-section-height-default elementor-section-height-default\" data-id=\"78ced56\" data-element_type=\"section\" data-e-type=\"section\">\n\t\t\t\t\t\t<div class=\"elementor-container elementor-column-gap-default\">\n\t\t\t\t\t<div class=\"elementor-column elementor-col-100 elementor-top-column elementor-element elementor-element-76c9430\" data-id=\"76c9430\" data-element_type=\"column\" data-e-type=\"column\">\n\t\t\t<div class=\"elementor-widget-wrap elementor-element-populated\">\n\t\t\t\t\t\t<div class=\"elementor-element elementor-element-fa5afbe elementor-widget__width-auto elementor-widget elementor-widget-heading\" data-id=\"fa5afbe\" data-element_type=\"widget\" data-e-type=\"widget\" data-widget_type=\"heading.default\">\n\t\t\t\t<div class=\"elementor-widget-container\">\n\t\t\t\t\t<p class=\"elementor-heading-title elementor-size-default\">andrejevaite.com<\/p>\t\t\t\t<\/div>\n\t\t\t\t<\/div>\n\t\t\t\t<div class=\"elementor-element elementor-element-ae67be4 elementor-widget elementor-widget-spacer\" data-id=\"ae67be4\" data-element_type=\"widget\" data-e-type=\"widget\" data-widget_type=\"spacer.default\">\n\t\t\t\t<div class=\"elementor-widget-container\">\n\t\t\t\t\t\t\t<div class=\"elementor-spacer\">\n\t\t\t<div class=\"elementor-spacer-inner\"><\/div>\n\t\t<\/div>\n\t\t\t\t\t\t<\/div>\n\t\t\t\t<\/div>\n\t\t\t\t<div class=\"elementor-element elementor-element-5033940 elementor-widget__width-initial elementor-widget elementor-widget-heading\" data-id=\"5033940\" data-element_type=\"widget\" data-e-type=\"widget\" data-widget_type=\"heading.default\">\n\t\t\t\t<div class=\"elementor-widget-container\">\n\t\t\t\t\t<h1 class=\"elementor-heading-title elementor-size-default\">Slapuk\u0173 politika<\/h1>\t\t\t\t<\/div>\n\t\t\t\t<\/div>\n\t\t\t\t\t<\/div>\n\t\t<\/div>\n\t\t\t\t\t<\/div>\n\t\t<\/section>\n\t\t\t\t<section class=\"elementor-section elementor-top-section elementor-element elementor-element-7eea67e elementor-section-boxed elementor-section-height-default elementor-section-height-default\" data-id=\"7eea67e\" data-element_type=\"section\" data-e-type=\"section\">\n\t\t\t\t\t\t<div class=\"elementor-container elementor-column-gap-no\">\n\t\t\t\t\t<div class=\"elementor-column elementor-col-100 elementor-top-column elementor-element elementor-element-426b03c\" data-id=\"426b03c\" data-element_type=\"column\" data-e-type=\"column\">\n\t\t\t<div class=\"elementor-widget-wrap elementor-element-populated\">\n\t\t\t\t\t\t<div class=\"elementor-element elementor-element-eff387a elementor-widget elementor-widget-text-editor\" data-id=\"eff387a\" data-element_type=\"widget\" data-e-type=\"widget\" data-widget_type=\"text-editor.default\">\n\t\t\t\t<div class=\"elementor-widget-container\">\n\t\t\t\t\t\t\t\t\t<p>\u012esigaliojimo data: 2025 m. rugs\u0117jo 19 d.<br \/>Paskutinis atnaujinimas: 2025 m. liepos 28 d.<\/p><h2>Kas yra slapukai?<\/h2><p>\u0160ioje slapuk\u0173 politikoje paai\u0161kinama, kas yra slapukai ir kaip mes juos naudojame, koki\u0173 tip\u0173 slapukus naudojame, t. y. koki\u0105 informacij\u0105 renkame naudodami slapukus ir kaip ta informacija yra naudojama, bei kaip valdyti slapuk\u0173 nustatymus.<\/p><p>Slapukai yra nedideli tekstiniai failai, naudojami nedidel\u0117s informacijos dalims saugoti. Jie yra saugomi j\u016bs\u0173 \u012frenginyje, kai tinklapis yra \u012fkeltas \u012f j\u016bs\u0173 interneto nar\u0161ykl\u0119. \u0160ie slapukai padeda mums u\u017etikrinti tinkam\u0105 tinklapio veikim\u0105, padaryti j\u012f saugesn\u012f, suteikti geresn\u0119 vartotojo patirt\u012f, bei suprasti, kaip tinklapis veikia, ir analizuoti, kas veikia gerai, o kas turi b\u016bti patobulinta.<\/p><h2>Kaip mes naudojame slapukus?<\/h2><p>Kaip ir dauguma internetini\u0173 tinklalapi\u0173, m\u016bs\u0173 svetain\u0117 naudoja pirminius ir tre\u010di\u0173j\u0173 \u0161ali\u0173 slapukus keliems tikslams. Pirminiai slapukai da\u017eniausiai yra b\u016btini, kad svetain\u0117 veikt\u0173 tinkamai, ir jie nerenka joki\u0173 j\u016bs\u0173 asmens duomen\u0173.<\/p><p>M\u016bs\u0173 svetain\u0117je naudojami tre\u010di\u0173j\u0173 \u0161ali\u0173 slapukai daugiausia skirti suprasti, kaip veikia svetain\u0117, kaip j\u016bs ja naudojat\u0117s, bei suteikti jums geresn\u0119 ir pritaikyt\u0105 naudotojo patirt\u012f.<\/p><h2>M\u016bs\u0173 naudojam\u0173 slapuk\u0173 tipai<\/h2><div><h3 class=\"text-xl font-semibold mb-2\">B\u016btinieji<\/h3><div class=\"cky-category-des\"><p>B\u016btinieji slapukai reikalingi, kad b\u016bt\u0173 galima naudotis pagrindin\u0117mis \u0161io tinklalapio funkcijomis, pvz., saugiu prisijungimu ar sutikimo nustatym\u0173 keitimu. \u0160ie slapukai nesaugo joki\u0173 asmens duomen\u0173.<\/p><\/div><div class=\"cky-table-wrapper\"><table class=\"cky-cookie-audit-table\"><thead><tr><th>Slapukas<\/th><th>Trukm\u0117<\/th><th>Apra\u0161ymas<\/th><\/tr><\/thead><tbody><tr><td>cookieyes-consent<\/td><td>1 metai<\/td><td>\u201eCookieYes\u201c nustato \u0161\u012f slapuk\u0105, kad \u012fsimint\u0173 naudotoj\u0173 sutikimo nuostatas ir kad j\u0173 nuostat\u0173 b\u016bt\u0173 paisoma v\u0117lesni\u0173 apsilankym\u0173 \u0161ioje svetain\u0117je metu. Jis nerenka ir nesaugo jokios asmenin\u0117s informacijos apie svetain\u0117s lankytojus.<\/td><\/tr><tr><td>elementor<\/td><td>Galiojimas niekada nesibaigia<\/td><td>\u0160\u012f slapuk\u0105 naudoja svetain\u0117s \u201eWordPress\u201c tema. Jis leid\u017eia svetain\u0117s savininkui realiuoju laiku \u012fdiegti arba pakeisti svetain\u0117s turin\u012f.<\/td><\/tr><tr><td>wpEmojiSettingsSupports<\/td><td>sesija<\/td><td>\u201eWordPress\u201c nustato \u0161\u012f slapuk\u0105, kai naudotojas s\u0105veikauja su piktogramomis \u201eWordPress\u201c svetain\u0117je. Jis padeda nustatyti, ar naudotojo nar\u0161ykl\u0117 gali tinkamai rodyti emod\u017eius.<\/td><\/tr><tr><td>rc::a<\/td><td>Galiojimas niekada nesibaigia<\/td><td>\u0160\u012f slapuk\u0105 nustato \u201eGoogle recaptcha\u201c paslauga, kad b\u016bt\u0173 galima atpa\u017einti robotus ir apsaugoti svetain\u0119 nuo kenk\u0117ji\u0161k\u0173 \u0161lam\u0161to atak\u0173.<\/td><\/tr><\/tbody><\/table><\/div><\/div><div><h3 class=\"text-xl font-semibold mb-2\">Funkciniai<\/h3><div class=\"cky-category-des\"><p>Funkciniai slapukai padeda atlikti tam tikras funkcijas, pavyzd\u017eiui, dalytis svetain\u0117s turiniu socialin\u0117s \u017einiasklaidos platformose, rinkti atsiliepimus ir kitas tre\u010di\u0173j\u0173 \u0161ali\u0173 funkcijas.<\/p><\/div><div class=\"cky-table-wrapper\"><table class=\"cky-cookie-audit-table\"><thead><tr><th>Slapukas<\/th><th>Trukm\u0117<\/th><th>Apra\u0161ymas<\/th><\/tr><\/thead><tbody><tr><td>wp-wpml_current_language<\/td><td>sesija<\/td><td>\u201eWordPress\u201c daugiakalbis \u012fskiepis nustato \u0161\u012f slapuk\u0105, kad i\u0161saugot\u0173 dabartin\u0117s kalbos ir (arba) kalbos nustatymus.<\/td><\/tr><tr><td>__Secure-ROLLOUT_TOKEN<\/td><td>6 m\u0117nesiai<\/td><td>Apra\u0161ymo n\u0117ra.<\/td><\/tr><tr><td>ytidb::LAST_RESULT_ENTRY_KEY<\/td><td>Galiojimas niekada nesibaigia<\/td><td>Slapuk\u0105 ytidb::LAST_RESULT_ENTRY_KEY \u201eYouTube\u201c naudoja paskutiniam paie\u0161kos rezultato \u012fra\u0161ui, kur\u012f spustel\u0117jo naudotojas, i\u0161saugoti. \u0160i informacija naudojama siekiant pagerinti naudotojo patirt\u012f ir ateityje pateikti tinkamesnius paie\u0161kos rezultatus.<\/td><\/tr><tr><td>yt-remote-session-app<\/td><td>sesija<\/td><td>\u201eyt-remote-session-app\u201c slapuk\u0105 \u201eYouTube\u201c naudoja naudotojo parinktims ir informacijai apie \u012fterptojo \u201eYouTube\u201c vaizdo \u012fra\u0161\u0173 grotuvo s\u0105saj\u0105 saugoti.<\/td><\/tr><tr><td>yt-remote-cast-installed<\/td><td>sesija<\/td><td>yt-remote-cast-installed slapukas naudojamas naudotojo vaizdo grotuvo parinktims i\u0161saugoti naudojant \u012fterptus \u201eYouTube\u201c vaizdo \u012fra\u0161us.<\/td><\/tr><tr><td>yt-remote-session-name<\/td><td>sesija<\/td><td>Yt-remote-session-name slapuk\u0105 naudoja \u201eYouTube\u201c, kad i\u0161saugot\u0173 naudotojo vaizdo \u012fra\u0161\u0173 grotuvo nuostatas naudojant \u012fterptus \u201eYouTube\u201c vaizdo \u012fra\u0161us.<\/td><\/tr><tr><td>yt-remote-fast-check-period<\/td><td>sesija<\/td><td>Slapuk\u0105 yt-remote-fast-check-period naudoja \u201eYouTube\u201c, kad i\u0161saugot\u0173 naudotojo vaizdo grotuvo nuostatas \u012fterptiems \u201eYouTube\u201c vaizdo \u012fra\u0161ams.<\/td><\/tr><tr><td>yt-remote-cast-available<\/td><td>sesija<\/td><td>Slapukas \u201eyt-remote-cast-available\u201c naudojamas vartotojo nuostatoms, susijusioms su transliavimo (angl. casting) prieinamumu jo \u201eYouTube\u201c vaizdo grotuve, saugoti.<\/td><\/tr><\/tbody><\/table><\/div><\/div><div><h3 class=\"text-xl font-semibold mb-2\">Analitiniai<\/h3><div class=\"cky-category-des\"><p>Analitiniai slapukai naudojami norint suprasti, kaip lankytojai s\u0105veikauja su svetaine. \u0160ie slapukai padeda pateikti informacij\u0105 apie lankytoj\u0173 skai\u010diaus metrik\u0105, atmetimo rodikl\u012f, srauto \u0161altin\u012f ir kt.<\/p><\/div><div class=\"cky-table-wrapper\"><table class=\"cky-cookie-audit-table\"><thead><tr><th>Slapukas<\/th><th>Trukm\u0117<\/th><th>Apra\u0161ymas<\/th><\/tr><\/thead><tbody><tr><td>VISITOR_PRIVACY_METADATA<\/td><td>6 m\u0117nesiai<\/td><td>\u201eYouTube\u201c nustato \u0161\u012f slapuk\u0105, kad saugot\u0173 vartotojo slapuk\u0173 sutikimo b\u016bsen\u0105 dabartiniam domenui.<\/td><\/tr><tr><td>_ga<\/td><td>1 metai 1 m\u0117nuo 4 dienos<\/td><td>\u201eGoogle Analytics\u201c nustato \u0161\u012f slapuk\u0105, kad apskai\u010diuot\u0173 lankytoj\u0173, sesij\u0173 ir kampanij\u0173 duomenis ir steb\u0117t\u0173 svetain\u0117s naudojim\u0105 svetain\u0117s analiz\u0117s ataskaitai. Slapukas saugo anonimin\u0119 informacij\u0105 ir unikaliems lankytojams atpa\u017einti priskiria atsitiktinai sugeneruot\u0105 numer\u012f.<\/td><\/tr><tr><td>_ga_*<\/td><td>1 metai 1 m\u0117nuo 4 dienos<\/td><td>\u201eGoogle Analytics\u201c nustato \u0161\u012f slapuk\u0105, kad i\u0161saugot\u0173 ir suskai\u010diuot\u0173 puslapio per\u017ei\u016br\u0173 skai\u010di\u0173.<\/td><\/tr><tr><td>sbjs_migrations<\/td><td>sesija<\/td><td>Slapuk\u0105 \u201eSourcebuster\u201c nustato, kad identifikuot\u0173 apsilankymo \u0161altin\u012f ir saugot\u0173 vartotojo veiksm\u0173 informacij\u0105 slapukuose. \u0160is analitinis ir elgsenos slapukas naudojamas siekiant pagerinti lankytojo patirt\u012f svetain\u0117je.<\/td><\/tr><tr><td>sbjs_current_add<\/td><td>sesija<\/td><td>Slapuk\u0105 \u201eSourcebuster\u201c nustato, kad identifikuot\u0173 apsilankymo \u0161altin\u012f ir saugot\u0173 vartotojo veiksm\u0173 informacij\u0105 slapukuose. \u0160is analitinis ir elgsenos slapukas naudojamas siekiant pagerinti lankytojo patirt\u012f svetain\u0117je.<\/td><\/tr><tr><td>sbjs_first_add<\/td><td>sesija<\/td><td>Slapuk\u0105 \u201eSourcebuster\u201c nustato, kad identifikuot\u0173 apsilankymo \u0161altin\u012f ir saugot\u0173 vartotojo veiksm\u0173 informacij\u0105 slapukuose. \u0160is analitinis ir elgsenos slapukas naudojamas siekiant pagerinti lankytojo patirt\u012f svetain\u0117je.<\/td><\/tr><tr><td>sbjs_current<\/td><td>sesija<\/td><td>Slapuk\u0105 \u201eSourcebuster\u201c nustato, kad identifikuot\u0173 apsilankymo \u0161altin\u012f ir saugot\u0173 vartotojo veiksm\u0173 informacij\u0105 slapukuose. \u0160is analitinis ir elgsenos slapukas naudojamas siekiant pagerinti lankytojo patirt\u012f svetain\u0117je.<\/td><\/tr><tr><td>sbjs_first<\/td><td>sesija<\/td><td>Slapuk\u0105 \u201eSourcebuster\u201c nustato, kad identifikuot\u0173 apsilankymo \u0161altin\u012f ir saugot\u0173 vartotojo veiksm\u0173 informacij\u0105 slapukuose. \u0160is analitinis ir elgsenos slapukas naudojamas siekiant pagerinti lankytojo patirt\u012f svetain\u0117je.<\/td><\/tr><tr><td>sbjs_udata<\/td><td>sesija<\/td><td>Slapuk\u0105 \u201eSourcebuster\u201c nustato, kad identifikuot\u0173 apsilankymo \u0161altin\u012f ir saugot\u0173 vartotojo veiksm\u0173 informacij\u0105 slapukuose. \u0160is analitinis ir elgsenos slapukas naudojamas siekiant pagerinti lankytojo patirt\u012f svetain\u0117je.<\/td><\/tr><tr><td>sbjs_session<\/td><td>1 valanda<\/td><td>Slapuk\u0105 \u201eSourcebuster\u201c nustato, kad identifikuot\u0173 apsilankymo \u0161altin\u012f ir saugot\u0173 vartotojo veiksm\u0173 informacij\u0105 slapukuose. \u0160is analitinis ir elgsenos slapukas naudojamas siekiant pagerinti lankytojo patirt\u012f svetain\u0117je.<\/td><\/tr><\/tbody><\/table><\/div><\/div><div><h3 class=\"text-xl font-semibold mb-2\">Reklaminiai<\/h3><div class=\"cky-category-des\"><p>Reklaminiai slapukai naudojami norint pateikti lankytojams pritaikyt\u0105 reklam\u0105 pagal puslapius, kuriuose jie anks\u010diau lank\u0117si, ir analizuoti reklamos kampanijos efektyvum\u0105.<\/p><\/div><div class=\"cky-table-wrapper\"><table class=\"cky-cookie-audit-table\"><thead><tr><th>Slapukas<\/th><th>Trukm\u0117<\/th><th>Apra\u0161ymas<\/th><\/tr><\/thead><tbody><tr><td>YSC<\/td><td>sesija<\/td><td>\u201eYoutube\u201c nustato \u0161\u012f slapuk\u0105, kad gal\u0117t\u0173 steb\u0117ti \u201eYoutube\u201c puslapiuose \u012fterpt\u0173 vaizdo \u012fra\u0161\u0173 per\u017ei\u016bras.<\/td><\/tr><tr><td>VISITOR_INFO1_LIVE<\/td><td>6 m\u0117nesiai<\/td><td>\u201eYoutube\u201c nustato \u0161\u012f slapuk\u0105, kad i\u0161matuot\u0173 pralaidum\u0105 ir nustatyt\u0173, ar naudotojui rodoma nauja, ar sena grotuvo s\u0105saja.<\/td><\/tr><tr><td>yt-remote-device-id<\/td><td>Galiojimas niekada nesibaigia<\/td><td>\u201eYoutube\u201c nustato \u0161\u012f slapuk\u0105, kad i\u0161saugot\u0173 naudotojo vaizdo \u012fra\u0161\u0173 nuostatas naudojant \u012fterptus \u201eYoutube\u201c vaizdo \u012fra\u0161us.<\/td><\/tr><tr><td>yt-remote-connected-devices<\/td><td>Galiojimas niekada nesibaigia<\/td><td>\u201eYoutube\u201c nustato \u0161\u012f slapuk\u0105, kad i\u0161saugot\u0173 naudotojo vaizdo \u012fra\u0161\u0173 nuostatas naudojant \u012fterptus \u201eYoutube\u201c vaizdo \u012fra\u0161us.<\/td><\/tr><tr><td>yt.innertube::nextId<\/td><td>Galiojimas niekada nesibaigia<\/td><td>\u201eYoutube\u201c nustato \u0161\u012f slapuk\u0105, kad u\u017eregistruot\u0173 unikal\u0173 ID ir i\u0161saugot\u0173 duomenis apie naudotojo per\u017ei\u016br\u0117tus \u201eYoutube\u201c vaizdo \u012fra\u0161us.<\/td><\/tr><tr><td>yt.innertube::requests<\/td><td>Galiojimas niekada nesibaigia<\/td><td>\u201eYoutube\u201c nustato \u0161\u012f slapuk\u0105, kad u\u017eregistruot\u0173 unikal\u0173 ID ir i\u0161saugot\u0173 duomenis apie naudotojo per\u017ei\u016br\u0117tus \u201eYoutube\u201c vaizdo \u012fra\u0161us.<\/td><\/tr><tr><td>test_cookie<\/td><td>15 minu\u010di\u0173<\/td><td>doubleclick.net nustato \u0161\u012f slapuk\u0105, kad nustatyt\u0173, ar naudotojo nar\u0161ykl\u0117 palaiko slapukus.<\/td><\/tr><\/tbody><\/table><\/div><\/div><h2>Slapuk\u0173 nustatym\u0173 tvarkymas<\/h2><p>Slapuk\u0173 nustatymus galite bet kada pakeisti, spustel\u0117dami mygtuk\u0105 \u201eSlapuk\u0173 nustatymai\u201c. Tai leis jums dar kart\u0105 per\u017ei\u016br\u0117ti slapuk\u0173 sutikimo prane\u0161im\u0105 ir pakeisti savo nustatymus arba i\u0161 karto at\u0161aukti savo sutikim\u0105.<br \/>Be to, skirtingi nar\u0161ykl\u0117s si\u016blo skirtingus b\u016bdus, kaip blokuoti ir i\u0161trinti svetaini\u0173 naudojamus slapukus. Galite pakeisti nar\u0161ykl\u0117s nustatymus, kad slapukai b\u016bt\u0173 blokuojami\/i\u0161trinami. Toliau pateikiami nuorodos \u012f pagalbos dokumentus, kuriuose paai\u0161kinama, kaip valdyti ir i\u0161trinti slapukus i\u0161 pagrindini\u0173 nar\u0161ykli\u0173.<\/p><p>Chrome: https:\/\/support.google.com\/accounts\/answer\/32050<br \/>\u201eSafari\u201c: https:\/\/support.apple.com\/en-in\/guide\/safari\/sfri11471\/mac<br \/>\u201eFirefox\u201c: https:\/\/support.mozilla.org\/en-US\/kb\/clear-cookies-and-site-data-firefox?redirectslug=delete-cookies-remove-info-websites-stored&amp;redirectlocale=en-US<br \/>Internet Explorer: https:\/\/support.microsoft.com\/en-us\/topic\/how-to-delete-cookie-files-in-internet-explorer-bca9446f-d873-78de-77ba-d42645fa52fc<br \/>Jei naudojate kit\u0105 nar\u0161ykl\u0119, apsilankykite jos oficialioje pagalbos svetain\u0117je.<\/p>\t\t\t\t\t\t\t\t<\/div>\n\t\t\t\t<\/div>\n\t\t\t\t\t<\/div>\n\t\t<\/div>\n\t\t\t\t\t<\/div>\n\t\t<\/section>\n\t\t\t\t<\/div>\n\t\t","protected":false},"excerpt":{"rendered":"<p>andrejevaite.com Slapuk\u0173 politika \u012esigaliojimo data: 2025 m. rugs\u0117jo 19 d.Paskutinis atnaujinimas: 2025 m. liepos 28 d. Kas yra slapukai? \u0160ioje slapuk\u0173 politikoje paai\u0161kinama, kas yra slapukai ir kaip mes juos naudojame, koki\u0173 tip\u0173 slapukus naudojame, t. y. koki\u0105 informacij\u0105 renkame naudodami slapukus ir kaip ta informacija yra naudojama, bei kaip valdyti slapuk\u0173 nustatymus. Slapukai yra&hellip;<\/p>\n","protected":false},"author":1,"featured_media":0,"parent":0,"menu_order":0,"comment_status":"closed","ping_status":"closed","template":"","meta":{"inline_featured_image":false,"footnotes":""},"class_list":["post-81519","page","type-page","status-publish","hentry"],"yoast_head":"<!-- This site is optimized with the Yoast SEO plugin v27.3 - https:\/\/yoast.com\/product\/yoast-seo-wordpress\/ -->\n<title>Slapuk\u0173 politika | Egl\u0117 Andrejevait\u0117<\/title>\n<meta name=\"robots\" content=\"index, follow, max-snippet:-1, max-image-preview:large, max-video-preview:-1\" \/>\n<link rel=\"canonical\" href=\"https:\/\/andrejevaite.com\/lt\/slapuku-politika\/\" \/>\n<meta property=\"og:locale\" content=\"lt_LT\" \/>\n<meta property=\"og:type\" content=\"article\" \/>\n<meta property=\"og:title\" content=\"Slapuk\u0173 politika | Egl\u0117 Andrejevait\u0117\" \/>\n<meta property=\"og:description\" content=\"andrejevaite.com Slapuk\u0173 politika \u012esigaliojimo data: 2025 m. rugs\u0117jo 19 d.Paskutinis atnaujinimas: 2025 m. liepos 28 d. Kas yra slapukai? \u0160ioje slapuk\u0173 politikoje paai\u0161kinama, kas yra slapukai ir kaip mes juos naudojame, koki\u0173 tip\u0173 slapukus naudojame, t. y. koki\u0105 informacij\u0105 renkame naudodami slapukus ir kaip ta informacija yra naudojama, bei kaip valdyti slapuk\u0173 nustatymus. Slapukai yra&hellip;\" \/>\n<meta property=\"og:url\" content=\"https:\/\/andrejevaite.com\/lt\/slapuku-politika\/\" \/>\n<meta property=\"og:site_name\" content=\"Egl\u0117 Andrejevait\u0117\" \/>\n<meta property=\"article:modified_time\" content=\"2025-12-12T15:05:36+00:00\" \/>\n<meta name=\"twitter:label1\" content=\"Est. reading time\" \/>\n\t<meta name=\"twitter:data1\" content=\"6 minut\u0117s\" \/>\n<script type=\"application\/ld+json\" class=\"yoast-schema-graph\">{\"@context\":\"https:\\\/\\\/schema.org\",\"@graph\":[{\"@type\":\"WebPage\",\"@id\":\"https:\\\/\\\/andrejevaite.com\\\/lt\\\/slapuku-politika\\\/\",\"url\":\"https:\\\/\\\/andrejevaite.com\\\/lt\\\/slapuku-politika\\\/\",\"name\":\"Slapuk\u0173 politika | Egl\u0117 Andrejevait\u0117\",\"isPartOf\":{\"@id\":\"https:\\\/\\\/andrejevaite.com\\\/lt\\\/#website\"},\"datePublished\":\"2025-09-19T09:21:10+00:00\",\"dateModified\":\"2025-12-12T15:05:36+00:00\",\"breadcrumb\":{\"@id\":\"https:\\\/\\\/andrejevaite.com\\\/lt\\\/slapuku-politika\\\/#breadcrumb\"},\"inLanguage\":\"lt-LT\",\"potentialAction\":[{\"@type\":\"ReadAction\",\"target\":[\"https:\\\/\\\/andrejevaite.com\\\/lt\\\/slapuku-politika\\\/\"]}]},{\"@type\":\"BreadcrumbList\",\"@id\":\"https:\\\/\\\/andrejevaite.com\\\/lt\\\/slapuku-politika\\\/#breadcrumb\",\"itemListElement\":[{\"@type\":\"ListItem\",\"position\":1,\"name\":\"Prad\u017eia\",\"item\":\"https:\\\/\\\/andrejevaite.com\\\/lt\\\/\"},{\"@type\":\"ListItem\",\"position\":2,\"name\":\"Slapuk\u0173 politika\"}]},{\"@type\":\"WebSite\",\"@id\":\"https:\\\/\\\/andrejevaite.com\\\/lt\\\/#website\",\"url\":\"https:\\\/\\\/andrejevaite.com\\\/lt\\\/\",\"name\":\"Egl\u0117 Andrejevait\u0117\",\"description\":\"Concert pianist\",\"potentialAction\":[{\"@type\":\"SearchAction\",\"target\":{\"@type\":\"EntryPoint\",\"urlTemplate\":\"https:\\\/\\\/andrejevaite.com\\\/lt\\\/?s={search_term_string}\"},\"query-input\":{\"@type\":\"PropertyValueSpecification\",\"valueRequired\":true,\"valueName\":\"search_term_string\"}}],\"inLanguage\":\"lt-LT\"}]}<\/script>\n<!-- \/ Yoast SEO plugin. -->","yoast_head_json":{"title":"Slapuk\u0173 politika | Egl\u0117 Andrejevait\u0117","robots":{"index":"index","follow":"follow","max-snippet":"max-snippet:-1","max-image-preview":"max-image-preview:large","max-video-preview":"max-video-preview:-1"},"canonical":"https:\/\/andrejevaite.com\/lt\/slapuku-politika\/","og_locale":"lt_LT","og_type":"article","og_title":"Slapuk\u0173 politika | Egl\u0117 Andrejevait\u0117","og_description":"andrejevaite.com Slapuk\u0173 politika \u012esigaliojimo data: 2025 m. rugs\u0117jo 19 d.Paskutinis atnaujinimas: 2025 m. liepos 28 d. Kas yra slapukai? \u0160ioje slapuk\u0173 politikoje paai\u0161kinama, kas yra slapukai ir kaip mes juos naudojame, koki\u0173 tip\u0173 slapukus naudojame, t. y. koki\u0105 informacij\u0105 renkame naudodami slapukus ir kaip ta informacija yra naudojama, bei kaip valdyti slapuk\u0173 nustatymus. Slapukai yra&hellip;","og_url":"https:\/\/andrejevaite.com\/lt\/slapuku-politika\/","og_site_name":"Egl\u0117 Andrejevait\u0117","article_modified_time":"2025-12-12T15:05:36+00:00","twitter_misc":{"Est. reading time":"6 minut\u0117s"},"schema":{"@context":"https:\/\/schema.org","@graph":[{"@type":"WebPage","@id":"https:\/\/andrejevaite.com\/lt\/slapuku-politika\/","url":"https:\/\/andrejevaite.com\/lt\/slapuku-politika\/","name":"Slapuk\u0173 politika | Egl\u0117 Andrejevait\u0117","isPartOf":{"@id":"https:\/\/andrejevaite.com\/lt\/#website"},"datePublished":"2025-09-19T09:21:10+00:00","dateModified":"2025-12-12T15:05:36+00:00","breadcrumb":{"@id":"https:\/\/andrejevaite.com\/lt\/slapuku-politika\/#breadcrumb"},"inLanguage":"lt-LT","potentialAction":[{"@type":"ReadAction","target":["https:\/\/andrejevaite.com\/lt\/slapuku-politika\/"]}]},{"@type":"BreadcrumbList","@id":"https:\/\/andrejevaite.com\/lt\/slapuku-politika\/#breadcrumb","itemListElement":[{"@type":"ListItem","position":1,"name":"Prad\u017eia","item":"https:\/\/andrejevaite.com\/lt\/"},{"@type":"ListItem","position":2,"name":"Slapuk\u0173 politika"}]},{"@type":"WebSite","@id":"https:\/\/andrejevaite.com\/lt\/#website","url":"https:\/\/andrejevaite.com\/lt\/","name":"Egl\u0117 Andrejevait\u0117","description":"Concert pianist","potentialAction":[{"@type":"SearchAction","target":{"@type":"EntryPoint","urlTemplate":"https:\/\/andrejevaite.com\/lt\/?s={search_term_string}"},"query-input":{"@type":"PropertyValueSpecification","valueRequired":true,"valueName":"search_term_string"}}],"inLanguage":"lt-LT"}]}},"_links":{"self":[{"href":"https:\/\/andrejevaite.com\/lt\/wp-json\/wp\/v2\/pages\/81519","targetHints":{"allow":["GET"]}}],"collection":[{"href":"https:\/\/andrejevaite.com\/lt\/wp-json\/wp\/v2\/pages"}],"about":[{"href":"https:\/\/andrejevaite.com\/lt\/wp-json\/wp\/v2\/types\/page"}],"author":[{"embeddable":true,"href":"https:\/\/andrejevaite.com\/lt\/wp-json\/wp\/v2\/users\/1"}],"replies":[{"embeddable":true,"href":"https:\/\/andrejevaite.com\/lt\/wp-json\/wp\/v2\/comments?post=81519"}],"version-history":[{"count":10,"href":"https:\/\/andrejevaite.com\/lt\/wp-json\/wp\/v2\/pages\/81519\/revisions"}],"predecessor-version":[{"id":81540,"href":"https:\/\/andrejevaite.com\/lt\/wp-json\/wp\/v2\/pages\/81519\/revisions\/81540"}],"wp:attachment":[{"href":"https:\/\/andrejevaite.com\/lt\/wp-json\/wp\/v2\/media?parent=81519"}],"curies":[{"name":"wp","href":"https:\/\/api.w.org\/{rel}","templated":true}]}}