{"id":79664,"date":"2023-05-30T17:05:48","date_gmt":"2023-05-30T14:05:48","guid":{"rendered":"https:\/\/andrejevaite.com\/product\/muzika-dviems\/"},"modified":"2026-03-21T13:09:26","modified_gmt":"2026-03-21T11:09:26","slug":"muzika-dviems","status":"publish","type":"product","link":"https:\/\/andrejevaite.com\/lt\/produktas\/muzika-dviems\/","title":{"rendered":"Muzika dviems"},"content":{"rendered":"\t\t<div data-elementor-type=\"product-post\" data-elementor-id=\"79664\" class=\"elementor elementor-79664 elementor-78597\" data-elementor-post-type=\"product\">\n\t\t\t\t\t\t<section class=\"elementor-section elementor-top-section elementor-element elementor-element-6ad3b89 elementor-section-boxed elementor-section-height-default elementor-section-height-default\" data-id=\"6ad3b89\" data-element_type=\"section\" data-e-type=\"section\">\n\t\t\t\t\t\t<div class=\"elementor-container elementor-column-gap-no\">\n\t\t\t\t\t<div class=\"elementor-column elementor-col-100 elementor-top-column elementor-element elementor-element-ef75f44\" data-id=\"ef75f44\" data-element_type=\"column\" data-e-type=\"column\">\n\t\t\t<div class=\"elementor-widget-wrap elementor-element-populated\">\n\t\t\t\t\t\t<div class=\"elementor-element elementor-element-ccdf1a9 elementor-widget elementor-widget-the7-accordion\" data-id=\"ccdf1a9\" data-element_type=\"widget\" data-e-type=\"widget\" data-widget_type=\"the7-accordion.default\">\n\t\t\t\t<div class=\"elementor-widget-container\">\n\t\t\t\t\t\t\t<div class=\"elementor-accordion the7-adv-accordion ac_bb_active_title ac_left_right_borders\" data-accordion-type=\"accordion\" role=\"tablist\">\n\t\t\t\t\t\t\t<div class=\"elementor-accordion-item\">\n\t\t\t\t\t<h6 id=\"elementor-tab-title-2141\" class=\"elementor-tab-title the7-accordion-header deactive-default\" data-tab=\"1\" role=\"tab\" aria-controls=\"elementor-tab-content-2141\">\n\n\t\t\t\t\t\t\t\t\t\t\t\t\t<span class=\"elementor-accordion-icon elementor-accordion-icon-right\" aria-hidden=\"true\">\n\t\t\t\t\t\t\t\t\t\t\t\t\t\t\t<span class=\"elementor-accordion-icon-closed\"><i class=\"the7bootstrap- the7-bootstrap-chevron-down\"><\/i><\/span>\n\t\t\t\t\t\t\t\t\t\t\t\t\t\t\t\t\t<span class=\"elementor-accordion-icon-opened\"><i class=\"the7bootstrap- the7-bootstrap-chevron-up\"><\/i><\/span>\n\t\t\t\t\t\t\t\t\t\t\t\t\t\t\t\t\t\t\t\t\t\t<\/span>\n\t\t\t\t\t\t\t\t\t\t\t\t\t\t\t\t\t\t<a class=\"elementor-accordion-title\" href=\"\">Apie \u201eMuzika dviems\u201c<\/a>\n\t\t\t\t\t<\/h6>\n\t\t\t\t\t<div id=\"elementor-tab-content-2141\" class=\"elementor-tab-content elementor-clearfix deactive-default\" data-tab=\"1\" role=\"tabpanel\" aria-labelledby=\"elementor-tab-title-2141\"><p>MUZIKA DVIEMS \u2013 tai autorin\u0117 pianist\u0117s Egl\u0117s Andrejevait\u0117s programa &#8211; interaktyvus muzikinis u\u017esi\u0117mimas dviems 4 rankomis. Unikali bendra patirtis:<\/p><ul><li>atrandant fortepijon\u0105 kaip instrument\u0105 (su\u017einosite apie jo mechanik\u0105, savybes, galimybes) ,<\/li><li>grojant klausytis ir \u017eaisti kartu,<\/li><li>i\u0161mokstant vien\u0105 k\u016brin\u012f 4 rankoms.<\/li><\/ul><p>U\u017esi\u0117mimo programa pritaikoma atsi\u017evelgiant \u012f dalyvi\u0173 patirt\u012f, muzikin\u0117s \u017einios ar pasiruo\u0161imas &#8211; nereikalingas. Trukm\u0117 &#8211; 75 min.<\/p><p>Nesvarbu, ar grojote anks\u010diau ar ne, galite patirti \u0161\u012f smag\u0173, praturtinant\u012f ir nauding\u0105 u\u017esi\u0117mim\u0105 su savo draugu, \u0161eimos nariu ar bendradarbiu.<\/p><\/div>\n\t\t\t\t<\/div>\n\t\t\t\t\t\t\t<div class=\"elementor-accordion-item\">\n\t\t\t\t\t<h6 id=\"elementor-tab-title-2142\" class=\"elementor-tab-title the7-accordion-header\" data-tab=\"2\" role=\"tab\" aria-controls=\"elementor-tab-content-2142\">\n\n\t\t\t\t\t\t\t\t\t\t\t\t\t<span class=\"elementor-accordion-icon elementor-accordion-icon-right\" aria-hidden=\"true\">\n\t\t\t\t\t\t\t\t\t\t\t\t\t\t\t<span class=\"elementor-accordion-icon-closed\"><i class=\"the7bootstrap- the7-bootstrap-chevron-down\"><\/i><\/span>\n\t\t\t\t\t\t\t\t\t\t\t\t\t\t\t\t\t<span class=\"elementor-accordion-icon-opened\"><i class=\"the7bootstrap- the7-bootstrap-chevron-up\"><\/i><\/span>\n\t\t\t\t\t\t\t\t\t\t\t\t\t\t\t\t\t\t\t\t\t\t<\/span>\n\t\t\t\t\t\t\t\t\t\t\t\t\t\t\t\t\t\t<a class=\"elementor-accordion-title\" href=\"\">Naudos:<\/a>\n\t\t\t\t\t<\/h6>\n\t\t\t\t\t<div id=\"elementor-tab-content-2142\" class=\"elementor-tab-content elementor-clearfix\" data-tab=\"2\" role=\"tabpanel\" aria-labelledby=\"elementor-tab-title-2142\"><p>\u2795 kokybi\u0161kas laikas kartu,<br \/>\u2795individuali ir ansamblin\u0117 fortepijono patirtis,<br \/>\u2795 bendros (pasidalintos) patirtys ir emocijos,<br \/>\u2795grojimas akustiniu instrumentu \u2013 fortepijonu \u012fgyja tikrosios muzikavimo patirties.<\/p>\n<\/div>\n\t\t\t\t<\/div>\n\t\t\t\t\t\t\t<div class=\"elementor-accordion-item\">\n\t\t\t\t\t<h6 id=\"elementor-tab-title-2143\" class=\"elementor-tab-title the7-accordion-header\" data-tab=\"3\" role=\"tab\" aria-controls=\"elementor-tab-content-2143\">\n\n\t\t\t\t\t\t\t\t\t\t\t\t\t<span class=\"elementor-accordion-icon elementor-accordion-icon-right\" aria-hidden=\"true\">\n\t\t\t\t\t\t\t\t\t\t\t\t\t\t\t<span class=\"elementor-accordion-icon-closed\"><i class=\"the7bootstrap- the7-bootstrap-chevron-down\"><\/i><\/span>\n\t\t\t\t\t\t\t\t\t\t\t\t\t\t\t\t\t<span class=\"elementor-accordion-icon-opened\"><i class=\"the7bootstrap- the7-bootstrap-chevron-up\"><\/i><\/span>\n\t\t\t\t\t\t\t\t\t\t\t\t\t\t\t\t\t\t\t\t\t\t<\/span>\n\t\t\t\t\t\t\t\t\t\t\t\t\t\t\t\t\t\t<a class=\"elementor-accordion-title\" href=\"\">Ypa\u010d tinka:<\/a>\n\t\t\t\t\t<\/h6>\n\t\t\t\t\t<div id=\"elementor-tab-content-2143\" class=\"elementor-tab-content elementor-clearfix\" data-tab=\"3\" role=\"tabpanel\" aria-labelledby=\"elementor-tab-title-2143\"><ul>\n<li>porai,<\/li>\n<li>\u0161eimos nariams,<\/li>\n<li>draugams,<\/li>\n<li>kolegoms,<\/li>\n<li>bendradarbiams ir visiems, kurie kartu gera.<\/li>\n<\/ul>\n<\/div>\n\t\t\t\t<\/div>\n\t\t\t\t\t<\/div>\n\t\t\t\t\t\t<\/div>\n\t\t\t\t<\/div>\n\t\t\t\t\t<\/div>\n\t\t<\/div>\n\t\t\t\t\t<\/div>\n\t\t<\/section>\n\t\t\t\t<\/div>\n\t\t","protected":false},"excerpt":{"rendered":"<p>Trukm\u0117: 75 min.<br \/>\nMUZIKA DVIEMS pamok\u0105 veda koncertuojanti pianist\u0117 ir muzikos pedagog\u0117 Egl\u0117 Andrejevait\u0117.<\/p>\n","protected":false},"featured_media":79188,"comment_status":"open","ping_status":"closed","template":"","meta":{"inline_featured_image":false},"product_brand":[],"product_cat":[288],"product_tag":[],"class_list":{"0":"post-79664","1":"product","2":"type-product","3":"status-publish","4":"has-post-thumbnail","6":"product_cat-pamokos","8":"first","9":"instock","10":"shipping-taxable","11":"purchasable","12":"product-type-simple"},"yoast_head":"<!-- This site is optimized with the Yoast SEO plugin v27.3 - https:\/\/yoast.com\/product\/yoast-seo-wordpress\/ -->\n<title>Kokybi\u0161kas laikas: muzik\u0105 dviems | andrejevaite.com<\/title>\n<meta name=\"description\" content=\"Praleiskite kokybi\u0161k\u0105 laik\u0105 ir sukurkite nei\u0161dildomus prisiminimus dalyvaudami fortepijono pamokoje \u201eMuzika dviems\u201c. M\u0117gaukit\u0117s interaktyvia pamoka su savo artimaisiais.\" \/>\n<meta name=\"robots\" content=\"index, follow, max-snippet:-1, max-image-preview:large, max-video-preview:-1\" \/>\n<link rel=\"canonical\" href=\"https:\/\/andrejevaite.com\/lt\/produktas\/muzika-dviems\/\" \/>\n<meta property=\"og:locale\" content=\"lt_LT\" \/>\n<meta property=\"og:type\" content=\"article\" \/>\n<meta property=\"og:title\" content=\"Kokybi\u0161kas laikas: muzik\u0105 dviems | andrejevaite.com\" \/>\n<meta property=\"og:description\" content=\"Praleiskite kokybi\u0161k\u0105 laik\u0105 ir sukurkite nei\u0161dildomus prisiminimus dalyvaudami fortepijono pamokoje \u201eMuzika dviems\u201c. M\u0117gaukit\u0117s interaktyvia pamoka su savo artimaisiais.\" \/>\n<meta property=\"og:url\" content=\"https:\/\/andrejevaite.com\/lt\/produktas\/muzika-dviems\/\" \/>\n<meta property=\"og:site_name\" content=\"Egl\u0117 Andrejevait\u0117\" \/>\n<meta property=\"article:modified_time\" content=\"2026-03-21T11:09:26+00:00\" \/>\n<meta property=\"og:image\" content=\"https:\/\/andrejevaite.com\/wp-content\/uploads\/2023\/05\/Muzika-dviems-pamokos-dviems-su-fortepijonu-suaugusiems.jpg\" \/>\n\t<meta property=\"og:image:width\" content=\"900\" \/>\n\t<meta property=\"og:image:height\" content=\"900\" \/>\n\t<meta property=\"og:image:type\" content=\"image\/jpeg\" \/>\n<meta name=\"twitter:label1\" content=\"Est. reading time\" \/>\n\t<meta name=\"twitter:data1\" content=\"1 minut\u0117\" \/>\n<script type=\"application\/ld+json\" class=\"yoast-schema-graph\">{\"@context\":\"https:\\\/\\\/schema.org\",\"@graph\":[{\"@type\":\"WebPage\",\"@id\":\"https:\\\/\\\/andrejevaite.com\\\/lt\\\/produktas\\\/muzika-dviems\\\/\",\"url\":\"https:\\\/\\\/andrejevaite.com\\\/lt\\\/produktas\\\/muzika-dviems\\\/\",\"name\":\"Kokybi\u0161kas laikas: muzik\u0105 dviems | andrejevaite.com\",\"isPartOf\":{\"@id\":\"https:\\\/\\\/andrejevaite.com\\\/lt\\\/#website\"},\"primaryImageOfPage\":{\"@id\":\"https:\\\/\\\/andrejevaite.com\\\/lt\\\/produktas\\\/muzika-dviems\\\/#primaryimage\"},\"image\":{\"@id\":\"https:\\\/\\\/andrejevaite.com\\\/lt\\\/produktas\\\/muzika-dviems\\\/#primaryimage\"},\"thumbnailUrl\":\"https:\\\/\\\/andrejevaite.com\\\/wp-content\\\/uploads\\\/2023\\\/05\\\/Muzika-dviems-pamokos-dviems-su-fortepijonu-suaugusiems.jpg\",\"datePublished\":\"2023-05-30T14:05:48+00:00\",\"dateModified\":\"2026-03-21T11:09:26+00:00\",\"description\":\"Praleiskite kokybi\u0161k\u0105 laik\u0105 ir sukurkite nei\u0161dildomus prisiminimus dalyvaudami fortepijono pamokoje \u201eMuzika dviems\u201c. M\u0117gaukit\u0117s interaktyvia pamoka su savo artimaisiais.\",\"breadcrumb\":{\"@id\":\"https:\\\/\\\/andrejevaite.com\\\/lt\\\/produktas\\\/muzika-dviems\\\/#breadcrumb\"},\"inLanguage\":\"lt-LT\",\"potentialAction\":[{\"@type\":\"ReadAction\",\"target\":[\"https:\\\/\\\/andrejevaite.com\\\/lt\\\/produktas\\\/muzika-dviems\\\/\"]}]},{\"@type\":\"ImageObject\",\"inLanguage\":\"lt-LT\",\"@id\":\"https:\\\/\\\/andrejevaite.com\\\/lt\\\/produktas\\\/muzika-dviems\\\/#primaryimage\",\"url\":\"https:\\\/\\\/andrejevaite.com\\\/wp-content\\\/uploads\\\/2023\\\/05\\\/Muzika-dviems-pamokos-dviems-su-fortepijonu-suaugusiems.jpg\",\"contentUrl\":\"https:\\\/\\\/andrejevaite.com\\\/wp-content\\\/uploads\\\/2023\\\/05\\\/Muzika-dviems-pamokos-dviems-su-fortepijonu-suaugusiems.jpg\",\"width\":900,\"height\":900,\"caption\":\"Muzika dviems\"},{\"@type\":\"BreadcrumbList\",\"@id\":\"https:\\\/\\\/andrejevaite.com\\\/lt\\\/produktas\\\/muzika-dviems\\\/#breadcrumb\",\"itemListElement\":[{\"@type\":\"ListItem\",\"position\":1,\"name\":\"Prad\u017eia\",\"item\":\"https:\\\/\\\/andrejevaite.com\\\/lt\\\/\"},{\"@type\":\"ListItem\",\"position\":2,\"name\":\"Parduotuv\u0117\",\"item\":\"https:\\\/\\\/andrejevaite.com\\\/lt\\\/parduotuve\\\/\"},{\"@type\":\"ListItem\",\"position\":3,\"name\":\"Muzika dviems\"}]},{\"@type\":\"WebSite\",\"@id\":\"https:\\\/\\\/andrejevaite.com\\\/lt\\\/#website\",\"url\":\"https:\\\/\\\/andrejevaite.com\\\/lt\\\/\",\"name\":\"Egl\u0117 Andrejevait\u0117\",\"description\":\"Concert pianist\",\"potentialAction\":[{\"@type\":\"SearchAction\",\"target\":{\"@type\":\"EntryPoint\",\"urlTemplate\":\"https:\\\/\\\/andrejevaite.com\\\/lt\\\/?s={search_term_string}\"},\"query-input\":{\"@type\":\"PropertyValueSpecification\",\"valueRequired\":true,\"valueName\":\"search_term_string\"}}],\"inLanguage\":\"lt-LT\"}]}<\/script>\n<!-- \/ Yoast SEO plugin. -->","yoast_head_json":{"title":"Kokybi\u0161kas laikas: muzik\u0105 dviems | andrejevaite.com","description":"Praleiskite kokybi\u0161k\u0105 laik\u0105 ir sukurkite nei\u0161dildomus prisiminimus dalyvaudami fortepijono pamokoje \u201eMuzika dviems\u201c. M\u0117gaukit\u0117s interaktyvia pamoka su savo artimaisiais.","robots":{"index":"index","follow":"follow","max-snippet":"max-snippet:-1","max-image-preview":"max-image-preview:large","max-video-preview":"max-video-preview:-1"},"canonical":"https:\/\/andrejevaite.com\/lt\/produktas\/muzika-dviems\/","og_locale":"lt_LT","og_type":"article","og_title":"Kokybi\u0161kas laikas: muzik\u0105 dviems | andrejevaite.com","og_description":"Praleiskite kokybi\u0161k\u0105 laik\u0105 ir sukurkite nei\u0161dildomus prisiminimus dalyvaudami fortepijono pamokoje \u201eMuzika dviems\u201c. M\u0117gaukit\u0117s interaktyvia pamoka su savo artimaisiais.","og_url":"https:\/\/andrejevaite.com\/lt\/produktas\/muzika-dviems\/","og_site_name":"Egl\u0117 Andrejevait\u0117","article_modified_time":"2026-03-21T11:09:26+00:00","og_image":[{"width":900,"height":900,"url":"https:\/\/andrejevaite.com\/wp-content\/uploads\/2023\/05\/Muzika-dviems-pamokos-dviems-su-fortepijonu-suaugusiems.jpg","type":"image\/jpeg"}],"twitter_misc":{"Est. reading time":"1 minut\u0117"},"schema":{"@context":"https:\/\/schema.org","@graph":[{"@type":"WebPage","@id":"https:\/\/andrejevaite.com\/lt\/produktas\/muzika-dviems\/","url":"https:\/\/andrejevaite.com\/lt\/produktas\/muzika-dviems\/","name":"Kokybi\u0161kas laikas: muzik\u0105 dviems | andrejevaite.com","isPartOf":{"@id":"https:\/\/andrejevaite.com\/lt\/#website"},"primaryImageOfPage":{"@id":"https:\/\/andrejevaite.com\/lt\/produktas\/muzika-dviems\/#primaryimage"},"image":{"@id":"https:\/\/andrejevaite.com\/lt\/produktas\/muzika-dviems\/#primaryimage"},"thumbnailUrl":"https:\/\/andrejevaite.com\/wp-content\/uploads\/2023\/05\/Muzika-dviems-pamokos-dviems-su-fortepijonu-suaugusiems.jpg","datePublished":"2023-05-30T14:05:48+00:00","dateModified":"2026-03-21T11:09:26+00:00","description":"Praleiskite kokybi\u0161k\u0105 laik\u0105 ir sukurkite nei\u0161dildomus prisiminimus dalyvaudami fortepijono pamokoje \u201eMuzika dviems\u201c. M\u0117gaukit\u0117s interaktyvia pamoka su savo artimaisiais.","breadcrumb":{"@id":"https:\/\/andrejevaite.com\/lt\/produktas\/muzika-dviems\/#breadcrumb"},"inLanguage":"lt-LT","potentialAction":[{"@type":"ReadAction","target":["https:\/\/andrejevaite.com\/lt\/produktas\/muzika-dviems\/"]}]},{"@type":"ImageObject","inLanguage":"lt-LT","@id":"https:\/\/andrejevaite.com\/lt\/produktas\/muzika-dviems\/#primaryimage","url":"https:\/\/andrejevaite.com\/wp-content\/uploads\/2023\/05\/Muzika-dviems-pamokos-dviems-su-fortepijonu-suaugusiems.jpg","contentUrl":"https:\/\/andrejevaite.com\/wp-content\/uploads\/2023\/05\/Muzika-dviems-pamokos-dviems-su-fortepijonu-suaugusiems.jpg","width":900,"height":900,"caption":"Muzika dviems"},{"@type":"BreadcrumbList","@id":"https:\/\/andrejevaite.com\/lt\/produktas\/muzika-dviems\/#breadcrumb","itemListElement":[{"@type":"ListItem","position":1,"name":"Prad\u017eia","item":"https:\/\/andrejevaite.com\/lt\/"},{"@type":"ListItem","position":2,"name":"Parduotuv\u0117","item":"https:\/\/andrejevaite.com\/lt\/parduotuve\/"},{"@type":"ListItem","position":3,"name":"Muzika dviems"}]},{"@type":"WebSite","@id":"https:\/\/andrejevaite.com\/lt\/#website","url":"https:\/\/andrejevaite.com\/lt\/","name":"Egl\u0117 Andrejevait\u0117","description":"Concert pianist","potentialAction":[{"@type":"SearchAction","target":{"@type":"EntryPoint","urlTemplate":"https:\/\/andrejevaite.com\/lt\/?s={search_term_string}"},"query-input":{"@type":"PropertyValueSpecification","valueRequired":true,"valueName":"search_term_string"}}],"inLanguage":"lt-LT"}]}},"_links":{"self":[{"href":"https:\/\/andrejevaite.com\/lt\/wp-json\/wp\/v2\/product\/79664","targetHints":{"allow":["GET"]}}],"collection":[{"href":"https:\/\/andrejevaite.com\/lt\/wp-json\/wp\/v2\/product"}],"about":[{"href":"https:\/\/andrejevaite.com\/lt\/wp-json\/wp\/v2\/types\/product"}],"replies":[{"embeddable":true,"href":"https:\/\/andrejevaite.com\/lt\/wp-json\/wp\/v2\/comments?post=79664"}],"version-history":[{"count":0,"href":"https:\/\/andrejevaite.com\/lt\/wp-json\/wp\/v2\/product\/79664\/revisions"}],"wp:featuredmedia":[{"embeddable":true,"href":"https:\/\/andrejevaite.com\/lt\/wp-json\/wp\/v2\/media\/79188"}],"wp:attachment":[{"href":"https:\/\/andrejevaite.com\/lt\/wp-json\/wp\/v2\/media?parent=79664"}],"wp:term":[{"taxonomy":"product_brand","embeddable":true,"href":"https:\/\/andrejevaite.com\/lt\/wp-json\/wp\/v2\/product_brand?post=79664"},{"taxonomy":"product_cat","embeddable":true,"href":"https:\/\/andrejevaite.com\/lt\/wp-json\/wp\/v2\/product_cat?post=79664"},{"taxonomy":"product_tag","embeddable":true,"href":"https:\/\/andrejevaite.com\/lt\/wp-json\/wp\/v2\/product_tag?post=79664"}],"curies":[{"name":"wp","href":"https:\/\/api.w.org\/{rel}","templated":true}]}}