{"id":79682,"date":"2023-04-25T07:36:25","date_gmt":"2023-04-25T04:36:25","guid":{"rendered":"https:\/\/andrejevaite.com\/product\/individual-lessons\/"},"modified":"2026-03-19T10:00:14","modified_gmt":"2026-03-19T08:00:14","slug":"individualios-fortepijono-pamokos","status":"publish","type":"product","link":"https:\/\/andrejevaite.com\/lt\/produktas\/individualios-fortepijono-pamokos\/","title":{"rendered":"Individualios fortepijono pamokos"},"content":{"rendered":"\t\t<div data-elementor-type=\"product-post\" data-elementor-id=\"79682\" class=\"elementor elementor-79682 elementor-78460\" data-elementor-post-type=\"product\">\n\t\t\t\t\t\t<section class=\"elementor-section elementor-top-section elementor-element elementor-element-6ad3b89 elementor-section-boxed elementor-section-height-default elementor-section-height-default\" data-id=\"6ad3b89\" data-element_type=\"section\" data-e-type=\"section\">\n\t\t\t\t\t\t<div class=\"elementor-container elementor-column-gap-no\">\n\t\t\t\t\t<div class=\"elementor-column elementor-col-100 elementor-top-column elementor-element elementor-element-ef75f44\" data-id=\"ef75f44\" data-element_type=\"column\" data-e-type=\"column\">\n\t\t\t<div class=\"elementor-widget-wrap elementor-element-populated\">\n\t\t\t\t\t\t<div class=\"elementor-element elementor-element-ccdf1a9 elementor-widget elementor-widget-the7-accordion\" data-id=\"ccdf1a9\" data-element_type=\"widget\" data-e-type=\"widget\" data-widget_type=\"the7-accordion.default\">\n\t\t\t\t<div class=\"elementor-widget-container\">\n\t\t\t\t\t\t\t<div class=\"elementor-accordion the7-adv-accordion ac_bb_active_title ac_left_right_borders\" data-accordion-type=\"accordion\" role=\"tablist\">\n\t\t\t\t\t\t\t<div class=\"elementor-accordion-item\">\n\t\t\t\t\t<h6 id=\"elementor-tab-title-2141\" class=\"elementor-tab-title the7-accordion-header deactive-default\" data-tab=\"1\" role=\"tab\" aria-controls=\"elementor-tab-content-2141\">\n\n\t\t\t\t\t\t\t\t\t\t\t\t\t<span class=\"elementor-accordion-icon elementor-accordion-icon-right\" aria-hidden=\"true\">\n\t\t\t\t\t\t\t\t\t\t\t\t\t\t\t<span class=\"elementor-accordion-icon-closed\"><i class=\"the7bootstrap- the7-bootstrap-chevron-down\"><\/i><\/span>\n\t\t\t\t\t\t\t\t\t\t\t\t\t\t\t\t\t<span class=\"elementor-accordion-icon-opened\"><i class=\"the7bootstrap- the7-bootstrap-chevron-up\"><\/i><\/span>\n\t\t\t\t\t\t\t\t\t\t\t\t\t\t\t\t\t\t\t\t\t\t<\/span>\n\t\t\t\t\t\t\t\t\t\t\t\t\t\t\t\t\t\t<a class=\"elementor-accordion-title\" href=\"\">1 individual piano lesson | trial lesson<\/a>\n\t\t\t\t\t<\/h6>\n\t\t\t\t\t<div id=\"elementor-tab-content-2141\" class=\"elementor-tab-content elementor-clearfix deactive-default\" data-tab=\"1\" role=\"tabpanel\" aria-labelledby=\"elementor-tab-title-2141\"><p>You will meet your piano instructor and try playing piano during the trial lesson.<\/p>\n<p>You\u2019ll learn (or will be reminded):<\/p>\n<ul>\n<li>piano anatomy and history,<\/li>\n<li>correct posture of your hands and body,<\/li>\n<li>play an easy duet piece by ear.<\/li>\n<\/ul>\n<p>A trial lesson for someone who has not played before will be about meeting and feeling the instrument, thinking about your future learning goals and hearing the instructors&#8217;s advice on how to achieve those goals.<\/p>\n<p>A trial lesson for someone who has experience, will be about remembering basic techniques and skills, understanding tasks you would need to complete to achieve your goals, and getting advice from the instructor.<\/p>\n<\/div>\n\t\t\t\t<\/div>\n\t\t\t\t\t\t\t<div class=\"elementor-accordion-item\">\n\t\t\t\t\t<h6 id=\"elementor-tab-title-2142\" class=\"elementor-tab-title the7-accordion-header\" data-tab=\"2\" role=\"tab\" aria-controls=\"elementor-tab-content-2142\">\n\n\t\t\t\t\t\t\t\t\t\t\t\t\t<span class=\"elementor-accordion-icon elementor-accordion-icon-right\" aria-hidden=\"true\">\n\t\t\t\t\t\t\t\t\t\t\t\t\t\t\t<span class=\"elementor-accordion-icon-closed\"><i class=\"the7bootstrap- the7-bootstrap-chevron-down\"><\/i><\/span>\n\t\t\t\t\t\t\t\t\t\t\t\t\t\t\t\t\t<span class=\"elementor-accordion-icon-opened\"><i class=\"the7bootstrap- the7-bootstrap-chevron-up\"><\/i><\/span>\n\t\t\t\t\t\t\t\t\t\t\t\t\t\t\t\t\t\t\t\t\t\t<\/span>\n\t\t\t\t\t\t\t\t\t\t\t\t\t\t\t\t\t\t<a class=\"elementor-accordion-title\" href=\"\">5 individual lessons | PIANO ABC<\/a>\n\t\t\t\t\t<\/h6>\n\t\t\t\t\t<div id=\"elementor-tab-content-2142\" class=\"elementor-tab-content elementor-clearfix\" data-tab=\"2\" role=\"tabpanel\" aria-labelledby=\"elementor-tab-title-2142\"><p>Grand pianos are rich in harmonies and tone, but also in different ways how to play each note. If you want the piano \u201eto tell a story\u201d, your imagination is not enough. Important things are your posture, coordination, movements and knowledge. In PIANO ABC (basic piano skills for beginners), you will learn:<\/p>\n<ul>\n<li>comfortable body posture,<\/li>\n<li>different hand movements,<\/li>\n<li>fingering,<\/li>\n<li>how to read sheet music (Treble and Bass Clef),<\/li>\n<li>exercises.<\/li>\n<\/ul>\n<p>Advanced players will train their sense of rhythm, learn about harmonies and dynamics.<\/p>\n<p>The PIANO ABC course is <strong>valid for three months<\/strong> after the first lesson is completed.<\/p>\n<\/div>\n\t\t\t\t<\/div>\n\t\t\t\t\t\t\t<div class=\"elementor-accordion-item\">\n\t\t\t\t\t<h6 id=\"elementor-tab-title-2143\" class=\"elementor-tab-title the7-accordion-header\" data-tab=\"3\" role=\"tab\" aria-controls=\"elementor-tab-content-2143\">\n\n\t\t\t\t\t\t\t\t\t\t\t\t\t<span class=\"elementor-accordion-icon elementor-accordion-icon-right\" aria-hidden=\"true\">\n\t\t\t\t\t\t\t\t\t\t\t\t\t\t\t<span class=\"elementor-accordion-icon-closed\"><i class=\"the7bootstrap- the7-bootstrap-chevron-down\"><\/i><\/span>\n\t\t\t\t\t\t\t\t\t\t\t\t\t\t\t\t\t<span class=\"elementor-accordion-icon-opened\"><i class=\"the7bootstrap- the7-bootstrap-chevron-up\"><\/i><\/span>\n\t\t\t\t\t\t\t\t\t\t\t\t\t\t\t\t\t\t\t\t\t\t<\/span>\n\t\t\t\t\t\t\t\t\t\t\t\t\t\t\t\t\t\t<a class=\"elementor-accordion-title\" href=\"\">10 +1 individual piano lessons | PIANO BASIC\ud83c\udf81<\/a>\n\t\t\t\t\t<\/h6>\n\t\t\t\t\t<div id=\"elementor-tab-content-2143\" class=\"elementor-tab-content elementor-clearfix\" data-tab=\"3\" role=\"tabpanel\" aria-labelledby=\"elementor-tab-title-2143\"><p>This course will provide you with essential skills. You will carefully and consistently go through the main music theory which you apply in practice. Course is made with balance in time, rhythm and tempo between essential themes and your needs. PIANO BASIC is extended PIANO ABC course and with added topics of:<\/p>\n<ul>\n<li>learning about different ways to performing,<\/li>\n<li>various tips for learning by ear.<\/li>\n<\/ul>\n<p>You will get +1 lesson as a gift \ud83c\udf81 if you buy this course first time.<\/p>\n<p>This course is <strong>valid for 6 months<\/strong> after the first lesson is completed.<\/p>\n<\/div>\n\t\t\t\t<\/div>\n\t\t\t\t\t<\/div>\n\t\t\t\t\t\t<\/div>\n\t\t\t\t<\/div>\n\t\t\t\t\t<\/div>\n\t\t<\/div>\n\t\t\t\t\t<\/div>\n\t\t<\/section>\n\t\t\t\t<\/div>\n\t\t","protected":false},"excerpt":{"rendered":"<p>Koncertuojanti pianist\u0117 Egl\u0117 Andrejevait\u0117 individualiai moko nuo 2013 met\u0173. Nuo tada ji praved\u0117 daugiau kaip 2950 individuali\u0173 fortepijono pamok\u0173 tiek turintiems grojimo patirties tiek niekada muzikos nesimokiusiems suaugusiems.<\/p>\n<p>Auk\u0161\u010diausios kokyb\u0117s fortepijono pamokas lemia:<\/p>\n<ul>\n<li>programos parinkimas pagal studento mokymosi tiksl\u0105 taikant<\/li>\n<li>klasikinius grojimo principus: taisykling\u0105 rank\u0173 laikysen\u0105, teorij\u0105, praktik\u0105, menines u\u017eduotis ir<\/li>\n<li>neformalaus mokymo(si) princip\u0173 naudojimas \u012ftraukiant s\u0105moningum\u0105 ir asmenin\u0119 besimokan\u010diojo patirt\u012f s\u0117km\u0117s u\u017etikrinimui.<\/li>\n<\/ul>\n<p><em>\u201eAtmosfera labai pozityvi ir neformali, mokytoja lengvai paai\u0161kina sud\u0117tingus dalykus\u201c<\/em> \u2013 tai da\u017eniausiai girdimas atsiliepimas po E. Andrejevait\u0117s pamok\u0173. <a href=\"https:\/\/andrejevaite.com\/lt\/produktas\/individualios-fortepijono-pamokos\/#reviews\">Daugiau atsiliepim\u0173 &gt;&gt;<\/a><\/p>\n<p>SUSIPA\u017dINKITE VIRTUALIAI:<\/p>\n<ul>\n<li><a href=\"https:\/\/www.8diena.lt\/2020\/09\/09\/egle-andrejevaite-letas-laikas-prie-fortepijono\/\" target=\"_blank\" rel=\"noopener\">L\u0117tas laikas prie fortepijono | 8diena<\/a> (interviu)<\/li>\n<li><a href=\"https:\/\/www.ziniuradijas.lt\/laidos\/ekspertai-pataria\/ar-penkiasdesimtmeciui-imanoma-ismokti-groti\" target=\"_blank\" rel=\"noopener\">Ar penkiasde\u0161imtme\u010diui \u012fmanoma i\u0161mokti groti | \u017dini\u0173 radijas<\/a> (radio interviu: 22 min)<\/li>\n<li><a href=\"https:\/\/zmones.15min.lt\/naujiena\/atrakinti-per-10-valandu-pianiste-egle-andrejevaite-apie-virtualaus-mokymo-formule-xvVZOYz75g4\" target=\"_blank\" rel=\"noopener\">Atrakinti per 10 valand\u0173 &#8211; virtualaus mokymo formul\u0117 | \u017dmon\u0117s<\/a> (interviu)<\/li>\n<li><a href=\"https:\/\/www.youtube.com\/live\/A1mQfbOD8BU?si=93qOcKoNCQvK3pzf\" target=\"_blank\" rel=\"noopener\">Kod\u0117l verta mokytis groti instrumentu bet kuriame am\u017eiuje | \u017dmogaus institutas<\/a> (video interviu: 61 min.)<\/li>\n<\/ul>\n<p>PAMOKOS \/ KURSO PROGRAMA priklauso nuo:<\/p>\n<ul>\n<li>J\u016bs\u0173 turimos muzikin\u0117s patirties,<\/li>\n<li>J\u016bs\u0173 \u012fvardinto mokymosi tikslo,<\/li>\n<li>J\u016bs\u0173 asmenin\u0117s praktikos galimybi\u0173 namuose.<\/li>\n<\/ul>\n<p>Egl\u0117s VIDEO PATARIMAI: <a href=\"https:\/\/youtu.be\/mrzxXS4kBH4?si=eURK8zNMdfueYSKi\" target=\"_blank\" rel=\"noopener\">pradedantiesiems<\/a> \/ <a href=\"https:\/\/youtu.be\/ifu6jRoExPQ?si=OeANfCT5QPib11hi\" target=\"_blank\" rel=\"noopener\">pa\u017eengusiems<\/a><\/p>\n<p>Pasirinkite:<\/p>\n<ul>\n<li>1 individuali fortepijono pamoka \/ pa\u017eintin\u0117<\/li>\n<li>Fortepijono ABC \/ 5 individuali\u0173 pamok\u0173 kursas<\/li>\n<li>Fortepijono prad\u017eiamokslis \/ 10+1 individuali\u0173 pamok\u0173 kursas<\/li>\n<\/ul>\n","protected":false},"featured_media":79177,"comment_status":"open","ping_status":"closed","template":"","meta":{"inline_featured_image":false},"product_brand":[],"product_cat":[288],"product_tag":[],"class_list":{"0":"post-79682","1":"product","2":"type-product","3":"status-publish","4":"has-post-thumbnail","6":"product_cat-pamokos","8":"first","9":"instock","10":"shipping-taxable","11":"purchasable","12":"product-type-variable"},"yoast_head":"<!-- This site is optimized with the Yoast SEO plugin v27.3 - https:\/\/yoast.com\/product\/yoast-seo-wordpress\/ -->\n<title>Individualios fortepijono pamokos | andrejevaite.com<\/title>\n<meta name=\"description\" content=\"Koncertuojanti pianist\u0117 Egl\u0117 Andrejevait\u0117 individualiai moko tiek turin\u010dius grojimo patirties tiek niekada muzikos nesimokiusiems suaugusiuosius.\" \/>\n<meta name=\"robots\" content=\"index, follow, max-snippet:-1, max-image-preview:large, max-video-preview:-1\" \/>\n<link rel=\"canonical\" href=\"https:\/\/andrejevaite.com\/lt\/produktas\/individualios-fortepijono-pamokos\/\" \/>\n<meta property=\"og:locale\" content=\"lt_LT\" \/>\n<meta property=\"og:type\" content=\"article\" \/>\n<meta property=\"og:title\" content=\"Individualios fortepijono pamokos | andrejevaite.com\" \/>\n<meta property=\"og:description\" content=\"Koncertuojanti pianist\u0117 Egl\u0117 Andrejevait\u0117 individualiai moko tiek turin\u010dius grojimo patirties tiek niekada muzikos nesimokiusiems suaugusiuosius.\" \/>\n<meta property=\"og:url\" content=\"https:\/\/andrejevaite.com\/lt\/produktas\/individualios-fortepijono-pamokos\/\" \/>\n<meta property=\"og:site_name\" content=\"Egl\u0117 Andrejevait\u0117\" \/>\n<meta property=\"article:modified_time\" content=\"2026-03-19T08:00:14+00:00\" \/>\n<meta property=\"og:image\" content=\"https:\/\/andrejevaite.com\/wp-content\/uploads\/2023\/04\/Individualios-pamokos-TonArt-fortepijono-studijoje.jpg\" \/>\n\t<meta property=\"og:image:width\" content=\"1000\" \/>\n\t<meta property=\"og:image:height\" content=\"1000\" \/>\n\t<meta property=\"og:image:type\" content=\"image\/jpeg\" \/>\n<meta name=\"twitter:label1\" content=\"Est. reading time\" \/>\n\t<meta name=\"twitter:data1\" content=\"2 minut\u0117s\" \/>\n<script type=\"application\/ld+json\" class=\"yoast-schema-graph\">{\"@context\":\"https:\\\/\\\/schema.org\",\"@graph\":[{\"@type\":\"WebPage\",\"@id\":\"https:\\\/\\\/andrejevaite.com\\\/lt\\\/produktas\\\/individualios-fortepijono-pamokos\\\/\",\"url\":\"https:\\\/\\\/andrejevaite.com\\\/lt\\\/produktas\\\/individualios-fortepijono-pamokos\\\/\",\"name\":\"Individualios fortepijono pamokos | andrejevaite.com\",\"isPartOf\":{\"@id\":\"https:\\\/\\\/andrejevaite.com\\\/lt\\\/#website\"},\"primaryImageOfPage\":{\"@id\":\"https:\\\/\\\/andrejevaite.com\\\/lt\\\/produktas\\\/individualios-fortepijono-pamokos\\\/#primaryimage\"},\"image\":{\"@id\":\"https:\\\/\\\/andrejevaite.com\\\/lt\\\/produktas\\\/individualios-fortepijono-pamokos\\\/#primaryimage\"},\"thumbnailUrl\":\"https:\\\/\\\/andrejevaite.com\\\/wp-content\\\/uploads\\\/2023\\\/04\\\/Individualios-pamokos-TonArt-fortepijono-studijoje.jpg\",\"datePublished\":\"2023-04-25T04:36:25+00:00\",\"dateModified\":\"2026-03-19T08:00:14+00:00\",\"description\":\"Koncertuojanti pianist\u0117 Egl\u0117 Andrejevait\u0117 individualiai moko tiek turin\u010dius grojimo patirties tiek niekada muzikos nesimokiusiems suaugusiuosius.\",\"breadcrumb\":{\"@id\":\"https:\\\/\\\/andrejevaite.com\\\/lt\\\/produktas\\\/individualios-fortepijono-pamokos\\\/#breadcrumb\"},\"inLanguage\":\"lt-LT\",\"potentialAction\":[{\"@type\":\"ReadAction\",\"target\":[\"https:\\\/\\\/andrejevaite.com\\\/lt\\\/produktas\\\/individualios-fortepijono-pamokos\\\/\"]}]},{\"@type\":\"ImageObject\",\"inLanguage\":\"lt-LT\",\"@id\":\"https:\\\/\\\/andrejevaite.com\\\/lt\\\/produktas\\\/individualios-fortepijono-pamokos\\\/#primaryimage\",\"url\":\"https:\\\/\\\/andrejevaite.com\\\/wp-content\\\/uploads\\\/2023\\\/04\\\/Individualios-pamokos-TonArt-fortepijono-studijoje.jpg\",\"contentUrl\":\"https:\\\/\\\/andrejevaite.com\\\/wp-content\\\/uploads\\\/2023\\\/04\\\/Individualios-pamokos-TonArt-fortepijono-studijoje.jpg\",\"width\":1000,\"height\":1000},{\"@type\":\"BreadcrumbList\",\"@id\":\"https:\\\/\\\/andrejevaite.com\\\/lt\\\/produktas\\\/individualios-fortepijono-pamokos\\\/#breadcrumb\",\"itemListElement\":[{\"@type\":\"ListItem\",\"position\":1,\"name\":\"Prad\u017eia\",\"item\":\"https:\\\/\\\/andrejevaite.com\\\/lt\\\/\"},{\"@type\":\"ListItem\",\"position\":2,\"name\":\"Parduotuv\u0117\",\"item\":\"https:\\\/\\\/andrejevaite.com\\\/lt\\\/parduotuve\\\/\"},{\"@type\":\"ListItem\",\"position\":3,\"name\":\"Individualios fortepijono pamokos\"}]},{\"@type\":\"WebSite\",\"@id\":\"https:\\\/\\\/andrejevaite.com\\\/lt\\\/#website\",\"url\":\"https:\\\/\\\/andrejevaite.com\\\/lt\\\/\",\"name\":\"Egl\u0117 Andrejevait\u0117\",\"description\":\"Concert pianist\",\"potentialAction\":[{\"@type\":\"SearchAction\",\"target\":{\"@type\":\"EntryPoint\",\"urlTemplate\":\"https:\\\/\\\/andrejevaite.com\\\/lt\\\/?s={search_term_string}\"},\"query-input\":{\"@type\":\"PropertyValueSpecification\",\"valueRequired\":true,\"valueName\":\"search_term_string\"}}],\"inLanguage\":\"lt-LT\"}]}<\/script>\n<!-- \/ Yoast SEO plugin. -->","yoast_head_json":{"title":"Individualios fortepijono pamokos | andrejevaite.com","description":"Koncertuojanti pianist\u0117 Egl\u0117 Andrejevait\u0117 individualiai moko tiek turin\u010dius grojimo patirties tiek niekada muzikos nesimokiusiems suaugusiuosius.","robots":{"index":"index","follow":"follow","max-snippet":"max-snippet:-1","max-image-preview":"max-image-preview:large","max-video-preview":"max-video-preview:-1"},"canonical":"https:\/\/andrejevaite.com\/lt\/produktas\/individualios-fortepijono-pamokos\/","og_locale":"lt_LT","og_type":"article","og_title":"Individualios fortepijono pamokos | andrejevaite.com","og_description":"Koncertuojanti pianist\u0117 Egl\u0117 Andrejevait\u0117 individualiai moko tiek turin\u010dius grojimo patirties tiek niekada muzikos nesimokiusiems suaugusiuosius.","og_url":"https:\/\/andrejevaite.com\/lt\/produktas\/individualios-fortepijono-pamokos\/","og_site_name":"Egl\u0117 Andrejevait\u0117","article_modified_time":"2026-03-19T08:00:14+00:00","og_image":[{"width":1000,"height":1000,"url":"https:\/\/andrejevaite.com\/wp-content\/uploads\/2023\/04\/Individualios-pamokos-TonArt-fortepijono-studijoje.jpg","type":"image\/jpeg"}],"twitter_misc":{"Est. reading time":"2 minut\u0117s"},"schema":{"@context":"https:\/\/schema.org","@graph":[{"@type":"WebPage","@id":"https:\/\/andrejevaite.com\/lt\/produktas\/individualios-fortepijono-pamokos\/","url":"https:\/\/andrejevaite.com\/lt\/produktas\/individualios-fortepijono-pamokos\/","name":"Individualios fortepijono pamokos | andrejevaite.com","isPartOf":{"@id":"https:\/\/andrejevaite.com\/lt\/#website"},"primaryImageOfPage":{"@id":"https:\/\/andrejevaite.com\/lt\/produktas\/individualios-fortepijono-pamokos\/#primaryimage"},"image":{"@id":"https:\/\/andrejevaite.com\/lt\/produktas\/individualios-fortepijono-pamokos\/#primaryimage"},"thumbnailUrl":"https:\/\/andrejevaite.com\/wp-content\/uploads\/2023\/04\/Individualios-pamokos-TonArt-fortepijono-studijoje.jpg","datePublished":"2023-04-25T04:36:25+00:00","dateModified":"2026-03-19T08:00:14+00:00","description":"Koncertuojanti pianist\u0117 Egl\u0117 Andrejevait\u0117 individualiai moko tiek turin\u010dius grojimo patirties tiek niekada muzikos nesimokiusiems suaugusiuosius.","breadcrumb":{"@id":"https:\/\/andrejevaite.com\/lt\/produktas\/individualios-fortepijono-pamokos\/#breadcrumb"},"inLanguage":"lt-LT","potentialAction":[{"@type":"ReadAction","target":["https:\/\/andrejevaite.com\/lt\/produktas\/individualios-fortepijono-pamokos\/"]}]},{"@type":"ImageObject","inLanguage":"lt-LT","@id":"https:\/\/andrejevaite.com\/lt\/produktas\/individualios-fortepijono-pamokos\/#primaryimage","url":"https:\/\/andrejevaite.com\/wp-content\/uploads\/2023\/04\/Individualios-pamokos-TonArt-fortepijono-studijoje.jpg","contentUrl":"https:\/\/andrejevaite.com\/wp-content\/uploads\/2023\/04\/Individualios-pamokos-TonArt-fortepijono-studijoje.jpg","width":1000,"height":1000},{"@type":"BreadcrumbList","@id":"https:\/\/andrejevaite.com\/lt\/produktas\/individualios-fortepijono-pamokos\/#breadcrumb","itemListElement":[{"@type":"ListItem","position":1,"name":"Prad\u017eia","item":"https:\/\/andrejevaite.com\/lt\/"},{"@type":"ListItem","position":2,"name":"Parduotuv\u0117","item":"https:\/\/andrejevaite.com\/lt\/parduotuve\/"},{"@type":"ListItem","position":3,"name":"Individualios fortepijono pamokos"}]},{"@type":"WebSite","@id":"https:\/\/andrejevaite.com\/lt\/#website","url":"https:\/\/andrejevaite.com\/lt\/","name":"Egl\u0117 Andrejevait\u0117","description":"Concert pianist","potentialAction":[{"@type":"SearchAction","target":{"@type":"EntryPoint","urlTemplate":"https:\/\/andrejevaite.com\/lt\/?s={search_term_string}"},"query-input":{"@type":"PropertyValueSpecification","valueRequired":true,"valueName":"search_term_string"}}],"inLanguage":"lt-LT"}]}},"_links":{"self":[{"href":"https:\/\/andrejevaite.com\/lt\/wp-json\/wp\/v2\/product\/79682","targetHints":{"allow":["GET"]}}],"collection":[{"href":"https:\/\/andrejevaite.com\/lt\/wp-json\/wp\/v2\/product"}],"about":[{"href":"https:\/\/andrejevaite.com\/lt\/wp-json\/wp\/v2\/types\/product"}],"replies":[{"embeddable":true,"href":"https:\/\/andrejevaite.com\/lt\/wp-json\/wp\/v2\/comments?post=79682"}],"version-history":[{"count":0,"href":"https:\/\/andrejevaite.com\/lt\/wp-json\/wp\/v2\/product\/79682\/revisions"}],"wp:featuredmedia":[{"embeddable":true,"href":"https:\/\/andrejevaite.com\/lt\/wp-json\/wp\/v2\/media\/79177"}],"wp:attachment":[{"href":"https:\/\/andrejevaite.com\/lt\/wp-json\/wp\/v2\/media?parent=79682"}],"wp:term":[{"taxonomy":"product_brand","embeddable":true,"href":"https:\/\/andrejevaite.com\/lt\/wp-json\/wp\/v2\/product_brand?post=79682"},{"taxonomy":"product_cat","embeddable":true,"href":"https:\/\/andrejevaite.com\/lt\/wp-json\/wp\/v2\/product_cat?post=79682"},{"taxonomy":"product_tag","embeddable":true,"href":"https:\/\/andrejevaite.com\/lt\/wp-json\/wp\/v2\/product_tag?post=79682"}],"curies":[{"name":"wp","href":"https:\/\/api.w.org\/{rel}","templated":true}]}}