{"id":79701,"date":"2023-04-19T16:27:06","date_gmt":"2023-04-19T16:27:06","guid":{"rendered":"https:\/\/andrejevaite.com\/product\/the-gift-voucher\/"},"modified":"2026-03-21T11:27:38","modified_gmt":"2026-03-21T09:27:38","slug":"dovanu-kuponai","status":"publish","type":"product","link":"https:\/\/andrejevaite.com\/lt\/produktas\/dovanu-kuponai\/","title":{"rendered":"Dovan\u0173 kuponai"},"content":{"rendered":"\t\t<div data-elementor-type=\"product-post\" data-elementor-id=\"79701\" class=\"elementor elementor-79701 elementor-78245\" data-elementor-post-type=\"product\">\n\t\t\t\t\t\t<section class=\"elementor-section elementor-top-section elementor-element elementor-element-830aebb elementor-section-boxed elementor-section-height-default elementor-section-height-default\" data-id=\"830aebb\" data-element_type=\"section\" data-e-type=\"section\">\n\t\t\t\t\t\t<div class=\"elementor-container elementor-column-gap-no\">\n\t\t\t\t\t<div class=\"elementor-column elementor-col-100 elementor-top-column elementor-element elementor-element-f56d0f7\" data-id=\"f56d0f7\" data-element_type=\"column\" data-e-type=\"column\">\n\t\t\t<div class=\"elementor-widget-wrap elementor-element-populated\">\n\t\t\t\t\t\t<div class=\"elementor-element elementor-element-b48ea18 elementor-widget elementor-widget-the7-accordion\" data-id=\"b48ea18\" data-element_type=\"widget\" data-e-type=\"widget\" data-widget_type=\"the7-accordion.default\">\n\t\t\t\t<div class=\"elementor-widget-container\">\n\t\t\t\t\t\t\t<div class=\"elementor-accordion the7-adv-accordion ac_bb_active_title ac_left_right_borders\" data-accordion-type=\"accordion\" role=\"tablist\">\n\t\t\t\t\t\t\t<div class=\"elementor-accordion-item\">\n\t\t\t\t\t<h6 id=\"elementor-tab-title-1891\" class=\"elementor-tab-title the7-accordion-header deactive-default\" data-tab=\"1\" role=\"tab\" aria-controls=\"elementor-tab-content-1891\">\n\n\t\t\t\t\t\t\t\t\t\t\t\t\t<span class=\"elementor-accordion-icon elementor-accordion-icon-right\" aria-hidden=\"true\">\n\t\t\t\t\t\t\t\t\t\t\t\t\t\t\t<span class=\"elementor-accordion-icon-closed\"><i class=\"the7bootstrap- the7-bootstrap-chevron-down\"><\/i><\/span>\n\t\t\t\t\t\t\t\t\t\t\t\t\t\t\t\t\t<span class=\"elementor-accordion-icon-opened\"><i class=\"the7bootstrap- the7-bootstrap-chevron-up\"><\/i><\/span>\n\t\t\t\t\t\t\t\t\t\t\t\t\t\t\t\t\t\t\t\t\t\t<\/span>\n\t\t\t\t\t\t\t\t\t\t\t\t\t\t\t\t\t\t<a class=\"elementor-accordion-title\" href=\"\">1 individuali fortepijono pamoka | pa\u017eintin\u0117<\/a>\n\t\t\t\t\t<\/h6>\n\t\t\t\t\t<div id=\"elementor-tab-content-1891\" class=\"elementor-tab-content elementor-clearfix deactive-default\" data-tab=\"1\" role=\"tabpanel\" aria-labelledby=\"elementor-tab-title-1891\"><p>Pirmoji pamoka visada yra pa\u017eintin\u0117. Jos metu kartu su Egle:<\/p><ul><li>aptarsite savo poreikius ir abipuses galimybes (laiko, \u012fsipareigojimo ir kt),<\/li><li>su\u017einosite \/ atnaujinsite \u017einias apie instrumento sandar\u0105, pianisto fiziologij\u0105 ir kod\u0117l tai svarbu mokantis groti,<\/li><li>grosite kartu (4 rankomis). Jums ruo\u0161tis nereikia.<\/li><\/ul><p><strong>Niekada negrojusiems<\/strong> pirmoji pamoka bus ne tik apie instrumento pa\u017einim\u0105, bet ir asmenin\u012f pajautim\u0105 ar \u0161is instrumentas ir (b\u016bsimas) procesas yra tai, kam tikrai noriu\/galiu skirti laiko.<\/p><p><strong>Grojantiems<\/strong> pa\u017eintin\u0117s pamokos programoje skiriamas papildomas d\u0117mesys pagrindini\u0173 grojimo technik\u0173 (smulkiosios &#8211; individuali\u0173 pir\u0161t\u0173, stambiosios &#8211; akord\u0173 grojimo) \u012fg\u016bd\u017ei\u0173 priminimui.<\/p><p><strong>Antrosios ir kit\u0173 pamok\u0173 \u012fsigyt\u0173 u\u017e 1 individualios pamokos kain\u0105<\/strong> programa priklauso nuo besimokan\u010diojo \u012fvardinto poreikio. Tai gali b\u016bti:<\/p><ul><li>t\u0119stinis mokymosi procesas \u012fvardintas po pirmosios pamokos,<\/li><li>individuali: VIP problemai ar klausimui spr\u0119sti skirta programa (<em>master-class<\/em>).<\/li><\/ul><\/div>\n\t\t\t\t<\/div>\n\t\t\t\t\t\t\t<div class=\"elementor-accordion-item\">\n\t\t\t\t\t<h6 id=\"elementor-tab-title-1892\" class=\"elementor-tab-title the7-accordion-header\" data-tab=\"2\" role=\"tab\" aria-controls=\"elementor-tab-content-1892\">\n\n\t\t\t\t\t\t\t\t\t\t\t\t\t<span class=\"elementor-accordion-icon elementor-accordion-icon-right\" aria-hidden=\"true\">\n\t\t\t\t\t\t\t\t\t\t\t\t\t\t\t<span class=\"elementor-accordion-icon-closed\"><i class=\"the7bootstrap- the7-bootstrap-chevron-down\"><\/i><\/span>\n\t\t\t\t\t\t\t\t\t\t\t\t\t\t\t\t\t<span class=\"elementor-accordion-icon-opened\"><i class=\"the7bootstrap- the7-bootstrap-chevron-up\"><\/i><\/span>\n\t\t\t\t\t\t\t\t\t\t\t\t\t\t\t\t\t\t\t\t\t\t<\/span>\n\t\t\t\t\t\t\t\t\t\t\t\t\t\t\t\t\t\t<a class=\"elementor-accordion-title\" href=\"\">Fortepijono ABC | 5 individuali\u0173 pamok\u0173 kursas<\/a>\n\t\t\t\t\t<\/h6>\n\t\t\t\t\t<div id=\"elementor-tab-content-1892\" class=\"elementor-tab-content elementor-clearfix\" data-tab=\"2\" role=\"tabpanel\" aria-labelledby=\"elementor-tab-title-1892\"><p>Fortepijonas &#8211; vienas i\u0161 daugiausiai i\u0161rai\u0161kos galimybi\u0173 turin\u010di\u0173 instrument\u0173. Norint, kad jis \u201epasakot\u0173 istorij\u0105\u201c neu\u017etenka vaizduot\u0117s. Svarb\u016bs (ir) kiti geb\u0117jimai &#8211; atlik\u0117jo laikysena, koordinacija, judesi\u0173 kontrol\u0117, \u017einios. Fortepijono ABC yra autorin\u0117 Egl\u0117s Andrejevait\u0117s programa skirta pagrindini\u0173 grojimo \u012fg\u016bd\u017ei\u0173 formavimo prad\u017eiai (pradedantiesiems) ir tobulinimui (pa\u017eengusiems).<\/p><p>Kurso metu i\u0161moksite:<\/p><ul><li>taisyklingos pianisto s\u0117d\u0117senos ir jos reik\u0161m\u0117s grojant,<\/li><li>ritmo pagrind\u0173,<\/li><li>muzikos ra\u0161to: smuiko, boso raktai, natos, prientacija klaviat\u016broje ir kt.,<\/li><li>2 k\u016brinius: dviems ir keturioms rankoms.<\/li><\/ul><p>Pa\u017eengusieji papildomai lavins ritmo, harmonijos, dinamikos, frazuot\u0117s \u012fg\u016bd\u017eius.<\/p><p>KURSAS GALIOJA 3\ufe0f\u20e3 M\u0116NESIUS PO PIRMOS \u012eVYKUSIOS PAMOKOS.<\/p><\/div>\n\t\t\t\t<\/div>\n\t\t\t\t\t\t\t<div class=\"elementor-accordion-item\">\n\t\t\t\t\t<h6 id=\"elementor-tab-title-1893\" class=\"elementor-tab-title the7-accordion-header\" data-tab=\"3\" role=\"tab\" aria-controls=\"elementor-tab-content-1893\">\n\n\t\t\t\t\t\t\t\t\t\t\t\t\t<span class=\"elementor-accordion-icon elementor-accordion-icon-right\" aria-hidden=\"true\">\n\t\t\t\t\t\t\t\t\t\t\t\t\t\t\t<span class=\"elementor-accordion-icon-closed\"><i class=\"the7bootstrap- the7-bootstrap-chevron-down\"><\/i><\/span>\n\t\t\t\t\t\t\t\t\t\t\t\t\t\t\t\t\t<span class=\"elementor-accordion-icon-opened\"><i class=\"the7bootstrap- the7-bootstrap-chevron-up\"><\/i><\/span>\n\t\t\t\t\t\t\t\t\t\t\t\t\t\t\t\t\t\t\t\t\t\t<\/span>\n\t\t\t\t\t\t\t\t\t\t\t\t\t\t\t\t\t\t<a class=\"elementor-accordion-title\" href=\"\">Fortepijono prad\u017eiamokslis | 10 individuali\u0173 pamok\u0173 kursas<\/a>\n\t\t\t\t\t<\/h6>\n\t\t\t\t\t<div id=\"elementor-tab-content-1893\" class=\"elementor-tab-content elementor-clearfix\" data-tab=\"3\" role=\"tabpanel\" aria-labelledby=\"elementor-tab-title-1893\"><p>\u0160is kursas &#8211; tai praktin\u0117mis u\u017eduotimis ir temomis prat\u0119stas FORTEPIJONO ABC kursas. Jo metu suvoksite pagrindin\u0119 muzikos teorij\u0105 ir jos taikym\u0105 praktikoje &#8211; grojamuose k\u016briniuose. Kurso bazin\u0117s temos parengtos laiko, ritmo ir tempo balans\u0105 kriterijais besimokan\u010diojo praktinei patir\u010diai \u012fgyti. FORTEPIJONO PRAD\u017dIAMOKSLIO metu:<\/p><ul><li>i\u0161moksite skirtingus garso b\u016bdus: legato, staccato, detache,<\/li><li>sud\u0117tingesni\u0173 pratim\u0173 pagalba lavinsite svarbiausi\u0105 muzikantui &#8211; ritmo &#8211; poj\u016bt\u012f,<\/li><li>susipa\u017einsite su interval\u0173 klausymo ir atpa\u017einimo metodika.<\/li><\/ul><p>Pirm\u0105 kart\u0105 \u012fsigyjantiems \u0161\u012f kurs\u0105 &#8211; pa\u017eintin\u0117 arba 11 pamoka dovanojama \ud83c\udf81.<\/p><p>KURSAS GALIOJA 6\ufe0f\u20e3 M\u0116NESIUS PO PIRMOS \u012eVYKUSIOS PAMOKOS<\/p><\/div>\n\t\t\t\t<\/div>\n\t\t\t\t\t\t\t<div class=\"elementor-accordion-item\">\n\t\t\t\t\t<h6 id=\"elementor-tab-title-1894\" class=\"elementor-tab-title the7-accordion-header\" data-tab=\"4\" role=\"tab\" aria-controls=\"elementor-tab-content-1894\">\n\n\t\t\t\t\t\t\t\t\t\t\t\t\t<span class=\"elementor-accordion-icon elementor-accordion-icon-right\" aria-hidden=\"true\">\n\t\t\t\t\t\t\t\t\t\t\t\t\t\t\t<span class=\"elementor-accordion-icon-closed\"><i class=\"the7bootstrap- the7-bootstrap-chevron-down\"><\/i><\/span>\n\t\t\t\t\t\t\t\t\t\t\t\t\t\t\t\t\t<span class=\"elementor-accordion-icon-opened\"><i class=\"the7bootstrap- the7-bootstrap-chevron-up\"><\/i><\/span>\n\t\t\t\t\t\t\t\t\t\t\t\t\t\t\t\t\t\t\t\t\t\t<\/span>\n\t\t\t\t\t\t\t\t\t\t\t\t\t\t\t\t\t\t<a class=\"elementor-accordion-title\" href=\"\">MUZIKA DVIEMS<\/a>\n\t\t\t\t\t<\/h6>\n\t\t\t\t\t<div id=\"elementor-tab-content-1894\" class=\"elementor-tab-content elementor-clearfix\" data-tab=\"4\" role=\"tabpanel\" aria-labelledby=\"elementor-tab-title-1894\"><p>MUZIKA DVIEMS \u2013 tai autorin\u0117 pianist\u0117s Egl\u0117s Andrejevait\u0117s programa &#8211; interaktyvus muzikinis u\u017esi\u0117mimas dviems 4 rankomis. Unikali bendra patirtis:<\/p><ul><li>atrandant fortepijon\u0105 kaip instrument\u0105 (su\u017einosite apie jo mechanik\u0105, savybes, galimybes)<\/li><li>grojant klausytis ir \u017eaisti kartu,<\/li><li>i\u0161mokstant vien\u0105 k\u016brin\u012f 4 rankoms.<\/li><\/ul><p>U\u017esi\u0117mimo programa pritaikoma atsi\u017evelgiant \u012f dalyvi\u0173 patirt\u012f, muzikin\u0117s \u017einios ar pasiruo\u0161imas &#8211; nereikalingas. Trukm\u0117 &#8211; 75 min.<\/p><p>Nesvarbu, ar grojote anks\u010diau ar ne, galite patirti \u0161\u012f smag\u0173, praturtinant\u012f ir nauding\u0105 u\u017esi\u0117mim\u0105 su savo draugu, \u0161eimos nariu ar bendradarbiu.<\/p><p>NAUDOS<\/p><p>\u2795 kokybi\u0161kas laikas kartu,<br \/>\u2795individuali ir ansamblin\u0117 fortepijono patirtis,<br \/>\u2795 bendros (pasidalintos) patirtys ir emocijos,<br \/>\u2795grojimas akustiniu instrumentu \u2013 fortepijonu \u012fgyja tikrosios muzikavimo patirties.<\/p><p>YPA\u010c TINKA:<\/p><p>\u2727 porai,<br \/>\u2727 \u0161eimos nariams,<br \/>\u2727 draugams,<br \/>\u2727 bendradarbiams ir visiems, kurie kartu gera.<\/p><\/div>\n\t\t\t\t<\/div>\n\t\t\t\t\t\t\t<div class=\"elementor-accordion-item\">\n\t\t\t\t\t<h6 id=\"elementor-tab-title-1895\" class=\"elementor-tab-title the7-accordion-header\" data-tab=\"5\" role=\"tab\" aria-controls=\"elementor-tab-content-1895\">\n\n\t\t\t\t\t\t\t\t\t\t\t\t\t<span class=\"elementor-accordion-icon elementor-accordion-icon-right\" aria-hidden=\"true\">\n\t\t\t\t\t\t\t\t\t\t\t\t\t\t\t<span class=\"elementor-accordion-icon-closed\"><i class=\"the7bootstrap- the7-bootstrap-chevron-down\"><\/i><\/span>\n\t\t\t\t\t\t\t\t\t\t\t\t\t\t\t\t\t<span class=\"elementor-accordion-icon-opened\"><i class=\"the7bootstrap- the7-bootstrap-chevron-up\"><\/i><\/span>\n\t\t\t\t\t\t\t\t\t\t\t\t\t\t\t\t\t\t\t\t\t\t<\/span>\n\t\t\t\t\t\t\t\t\t\t\t\t\t\t\t\t\t\t<a class=\"elementor-accordion-title\" href=\"\">Fortepijono nuoma saviruo\u0161ai<\/a>\n\t\t\t\t\t<\/h6>\n\t\t\t\t\t<div id=\"elementor-tab-content-1895\" class=\"elementor-tab-content elementor-clearfix\" data-tab=\"5\" role=\"tabpanel\" aria-labelledby=\"elementor-tab-title-1895\"><p>Padovanokite profesionaliai paruo\u0161t\u0105 erdv\u0119 ir s\u0105lygas asmeninei grojimo praktikai patogiu laiku. Asmenin\u0117 grojimo praktika yra b\u016btina s\u0105lyga tobul\u0117jimui. \u0160iuo metu Lietuvoje sunku rasti viet\u0105, kurioje galima b\u016bt\u0173 groti profesionaliu akustiniu fortepijonu pasirinktu laiku ir trukme neribojant sav\u0119s d\u0117l \u201eskleid\u017eiamo triuk\u0161mo\u201d.<\/p><p>Kvie\u010diame Jus groti <em>Johannes Seiler 186 Traditio<\/em> fortepijonu pagamintu 2022 metais Vokietijoje. SEILER fortepijonai profesional\u0173 bendruomen\u0117je vertinami d\u0117l savo ai\u0161kaus, rai\u0161kaus ir modernaus garso. Prie instrumento &#8211; profesionalus pianisto suoliukas su hidrauliniu mechanizmu.<\/p><p>Kaina u\u017e 1 val. \/ 60 min: GALIOJA TIK SAVIRUO\u0160AI, pasira\u0161oma sutartis.<br \/>Antrai ir kitoms valandoms tuo pa\u010diu apsilankymu &#8211; 50 % nuolaida.<\/p><\/div>\n\t\t\t\t<\/div>\n\t\t\t\t\t<\/div>\n\t\t\t\t\t\t<\/div>\n\t\t\t\t<\/div>\n\t\t\t\t\t<\/div>\n\t\t<\/div>\n\t\t\t\t\t<\/div>\n\t\t<\/section>\n\t\t\t\t<\/div>\n\t\t","protected":false},"excerpt":{"rendered":"<p>Dovan\u0173 kuponus galima:<\/p>\n<ul>\n<li><strong>atsiimti \u201eTonArt\u201d fortepijono studijoje<\/strong>: Vilniaus g. 16, Vilnius. Atvykimo laik\u0105 b\u016btina suderinti.<\/li>\n<li><strong>gauti pa\u0161tomatu Lietuvoje<\/strong> (per 3 darbo dienas)<\/li>\n<li><strong>gauti el. pa\u0161tu<\/strong> e-formatu (pdf)<\/li>\n<\/ul>\n","protected":false},"featured_media":79189,"comment_status":"open","ping_status":"closed","template":"","meta":{"inline_featured_image":false},"product_brand":[],"product_cat":[288],"product_tag":[],"class_list":{"0":"post-79701","1":"product","2":"type-product","3":"status-publish","4":"has-post-thumbnail","6":"product_cat-pamokos","8":"first","9":"instock","10":"shipping-taxable","11":"purchasable","12":"product-type-variable"},"yoast_head":"<!-- This site is optimized with the Yoast SEO plugin v27.3 - https:\/\/yoast.com\/product\/yoast-seo-wordpress\/ -->\n<title>Dovan\u0173 kuponai fortepijono pamokoms | andrejevaite.com<\/title>\n<meta name=\"description\" content=\"Dovan\u0173 kuponai: 1 individuali fortepijono pamoka - pa\u017eintin\u0117, 5-10 individuali\u0173 pamok\u0173 kursas, MUZIKA DVIEMS, Fortepijono nuoma saviruo\u0161ai\" \/>\n<meta name=\"robots\" content=\"index, follow, max-snippet:-1, max-image-preview:large, max-video-preview:-1\" \/>\n<link rel=\"canonical\" href=\"https:\/\/andrejevaite.com\/lt\/produktas\/dovanu-kuponai\/\" \/>\n<meta property=\"og:locale\" content=\"lt_LT\" \/>\n<meta property=\"og:type\" content=\"article\" \/>\n<meta property=\"og:title\" content=\"Dovan\u0173 kuponai fortepijono pamokoms | andrejevaite.com\" \/>\n<meta property=\"og:description\" content=\"Dovan\u0173 kuponai: 1 individuali fortepijono pamoka - pa\u017eintin\u0117, 5-10 individuali\u0173 pamok\u0173 kursas, MUZIKA DVIEMS, Fortepijono nuoma saviruo\u0161ai\" \/>\n<meta property=\"og:url\" content=\"https:\/\/andrejevaite.com\/lt\/produktas\/dovanu-kuponai\/\" \/>\n<meta property=\"og:site_name\" content=\"Egl\u0117 Andrejevait\u0117\" \/>\n<meta property=\"article:modified_time\" content=\"2026-03-21T09:27:38+00:00\" \/>\n<meta property=\"og:image\" content=\"https:\/\/andrejevaite.com\/wp-content\/uploads\/2023\/04\/Dovanu-kuponas-Ton-Art.jpg\" \/>\n\t<meta property=\"og:image:width\" content=\"900\" \/>\n\t<meta property=\"og:image:height\" content=\"900\" \/>\n\t<meta property=\"og:image:type\" content=\"image\/jpeg\" \/>\n<meta name=\"twitter:label1\" content=\"Est. reading time\" \/>\n\t<meta name=\"twitter:data1\" content=\"3 minut\u0117s\" \/>\n<script type=\"application\/ld+json\" class=\"yoast-schema-graph\">{\"@context\":\"https:\\\/\\\/schema.org\",\"@graph\":[{\"@type\":\"WebPage\",\"@id\":\"https:\\\/\\\/andrejevaite.com\\\/lt\\\/produktas\\\/dovanu-kuponai\\\/\",\"url\":\"https:\\\/\\\/andrejevaite.com\\\/lt\\\/produktas\\\/dovanu-kuponai\\\/\",\"name\":\"Dovan\u0173 kuponai fortepijono pamokoms | andrejevaite.com\",\"isPartOf\":{\"@id\":\"https:\\\/\\\/andrejevaite.com\\\/lt\\\/#website\"},\"primaryImageOfPage\":{\"@id\":\"https:\\\/\\\/andrejevaite.com\\\/lt\\\/produktas\\\/dovanu-kuponai\\\/#primaryimage\"},\"image\":{\"@id\":\"https:\\\/\\\/andrejevaite.com\\\/lt\\\/produktas\\\/dovanu-kuponai\\\/#primaryimage\"},\"thumbnailUrl\":\"https:\\\/\\\/andrejevaite.com\\\/wp-content\\\/uploads\\\/2023\\\/04\\\/Dovanu-kuponas-Ton-Art.jpg\",\"datePublished\":\"2023-04-19T16:27:06+00:00\",\"dateModified\":\"2026-03-21T09:27:38+00:00\",\"description\":\"Dovan\u0173 kuponai: 1 individuali fortepijono pamoka - pa\u017eintin\u0117, 5-10 individuali\u0173 pamok\u0173 kursas, MUZIKA DVIEMS, Fortepijono nuoma saviruo\u0161ai\",\"breadcrumb\":{\"@id\":\"https:\\\/\\\/andrejevaite.com\\\/lt\\\/produktas\\\/dovanu-kuponai\\\/#breadcrumb\"},\"inLanguage\":\"lt-LT\",\"potentialAction\":[{\"@type\":\"ReadAction\",\"target\":[\"https:\\\/\\\/andrejevaite.com\\\/lt\\\/produktas\\\/dovanu-kuponai\\\/\"]}]},{\"@type\":\"ImageObject\",\"inLanguage\":\"lt-LT\",\"@id\":\"https:\\\/\\\/andrejevaite.com\\\/lt\\\/produktas\\\/dovanu-kuponai\\\/#primaryimage\",\"url\":\"https:\\\/\\\/andrejevaite.com\\\/wp-content\\\/uploads\\\/2023\\\/04\\\/Dovanu-kuponas-Ton-Art.jpg\",\"contentUrl\":\"https:\\\/\\\/andrejevaite.com\\\/wp-content\\\/uploads\\\/2023\\\/04\\\/Dovanu-kuponas-Ton-Art.jpg\",\"width\":900,\"height\":900},{\"@type\":\"BreadcrumbList\",\"@id\":\"https:\\\/\\\/andrejevaite.com\\\/lt\\\/produktas\\\/dovanu-kuponai\\\/#breadcrumb\",\"itemListElement\":[{\"@type\":\"ListItem\",\"position\":1,\"name\":\"Prad\u017eia\",\"item\":\"https:\\\/\\\/andrejevaite.com\\\/lt\\\/\"},{\"@type\":\"ListItem\",\"position\":2,\"name\":\"Parduotuv\u0117\",\"item\":\"https:\\\/\\\/andrejevaite.com\\\/lt\\\/parduotuve\\\/\"},{\"@type\":\"ListItem\",\"position\":3,\"name\":\"Dovan\u0173 kuponai\"}]},{\"@type\":\"WebSite\",\"@id\":\"https:\\\/\\\/andrejevaite.com\\\/lt\\\/#website\",\"url\":\"https:\\\/\\\/andrejevaite.com\\\/lt\\\/\",\"name\":\"Egl\u0117 Andrejevait\u0117\",\"description\":\"Concert pianist\",\"potentialAction\":[{\"@type\":\"SearchAction\",\"target\":{\"@type\":\"EntryPoint\",\"urlTemplate\":\"https:\\\/\\\/andrejevaite.com\\\/lt\\\/?s={search_term_string}\"},\"query-input\":{\"@type\":\"PropertyValueSpecification\",\"valueRequired\":true,\"valueName\":\"search_term_string\"}}],\"inLanguage\":\"lt-LT\"}]}<\/script>\n<!-- \/ Yoast SEO plugin. -->","yoast_head_json":{"title":"Dovan\u0173 kuponai fortepijono pamokoms | andrejevaite.com","description":"Dovan\u0173 kuponai: 1 individuali fortepijono pamoka - pa\u017eintin\u0117, 5-10 individuali\u0173 pamok\u0173 kursas, MUZIKA DVIEMS, Fortepijono nuoma saviruo\u0161ai","robots":{"index":"index","follow":"follow","max-snippet":"max-snippet:-1","max-image-preview":"max-image-preview:large","max-video-preview":"max-video-preview:-1"},"canonical":"https:\/\/andrejevaite.com\/lt\/produktas\/dovanu-kuponai\/","og_locale":"lt_LT","og_type":"article","og_title":"Dovan\u0173 kuponai fortepijono pamokoms | andrejevaite.com","og_description":"Dovan\u0173 kuponai: 1 individuali fortepijono pamoka - pa\u017eintin\u0117, 5-10 individuali\u0173 pamok\u0173 kursas, MUZIKA DVIEMS, Fortepijono nuoma saviruo\u0161ai","og_url":"https:\/\/andrejevaite.com\/lt\/produktas\/dovanu-kuponai\/","og_site_name":"Egl\u0117 Andrejevait\u0117","article_modified_time":"2026-03-21T09:27:38+00:00","og_image":[{"width":900,"height":900,"url":"https:\/\/andrejevaite.com\/wp-content\/uploads\/2023\/04\/Dovanu-kuponas-Ton-Art.jpg","type":"image\/jpeg"}],"twitter_misc":{"Est. reading time":"3 minut\u0117s"},"schema":{"@context":"https:\/\/schema.org","@graph":[{"@type":"WebPage","@id":"https:\/\/andrejevaite.com\/lt\/produktas\/dovanu-kuponai\/","url":"https:\/\/andrejevaite.com\/lt\/produktas\/dovanu-kuponai\/","name":"Dovan\u0173 kuponai fortepijono pamokoms | andrejevaite.com","isPartOf":{"@id":"https:\/\/andrejevaite.com\/lt\/#website"},"primaryImageOfPage":{"@id":"https:\/\/andrejevaite.com\/lt\/produktas\/dovanu-kuponai\/#primaryimage"},"image":{"@id":"https:\/\/andrejevaite.com\/lt\/produktas\/dovanu-kuponai\/#primaryimage"},"thumbnailUrl":"https:\/\/andrejevaite.com\/wp-content\/uploads\/2023\/04\/Dovanu-kuponas-Ton-Art.jpg","datePublished":"2023-04-19T16:27:06+00:00","dateModified":"2026-03-21T09:27:38+00:00","description":"Dovan\u0173 kuponai: 1 individuali fortepijono pamoka - pa\u017eintin\u0117, 5-10 individuali\u0173 pamok\u0173 kursas, MUZIKA DVIEMS, Fortepijono nuoma saviruo\u0161ai","breadcrumb":{"@id":"https:\/\/andrejevaite.com\/lt\/produktas\/dovanu-kuponai\/#breadcrumb"},"inLanguage":"lt-LT","potentialAction":[{"@type":"ReadAction","target":["https:\/\/andrejevaite.com\/lt\/produktas\/dovanu-kuponai\/"]}]},{"@type":"ImageObject","inLanguage":"lt-LT","@id":"https:\/\/andrejevaite.com\/lt\/produktas\/dovanu-kuponai\/#primaryimage","url":"https:\/\/andrejevaite.com\/wp-content\/uploads\/2023\/04\/Dovanu-kuponas-Ton-Art.jpg","contentUrl":"https:\/\/andrejevaite.com\/wp-content\/uploads\/2023\/04\/Dovanu-kuponas-Ton-Art.jpg","width":900,"height":900},{"@type":"BreadcrumbList","@id":"https:\/\/andrejevaite.com\/lt\/produktas\/dovanu-kuponai\/#breadcrumb","itemListElement":[{"@type":"ListItem","position":1,"name":"Prad\u017eia","item":"https:\/\/andrejevaite.com\/lt\/"},{"@type":"ListItem","position":2,"name":"Parduotuv\u0117","item":"https:\/\/andrejevaite.com\/lt\/parduotuve\/"},{"@type":"ListItem","position":3,"name":"Dovan\u0173 kuponai"}]},{"@type":"WebSite","@id":"https:\/\/andrejevaite.com\/lt\/#website","url":"https:\/\/andrejevaite.com\/lt\/","name":"Egl\u0117 Andrejevait\u0117","description":"Concert pianist","potentialAction":[{"@type":"SearchAction","target":{"@type":"EntryPoint","urlTemplate":"https:\/\/andrejevaite.com\/lt\/?s={search_term_string}"},"query-input":{"@type":"PropertyValueSpecification","valueRequired":true,"valueName":"search_term_string"}}],"inLanguage":"lt-LT"}]}},"_links":{"self":[{"href":"https:\/\/andrejevaite.com\/lt\/wp-json\/wp\/v2\/product\/79701","targetHints":{"allow":["GET"]}}],"collection":[{"href":"https:\/\/andrejevaite.com\/lt\/wp-json\/wp\/v2\/product"}],"about":[{"href":"https:\/\/andrejevaite.com\/lt\/wp-json\/wp\/v2\/types\/product"}],"replies":[{"embeddable":true,"href":"https:\/\/andrejevaite.com\/lt\/wp-json\/wp\/v2\/comments?post=79701"}],"version-history":[{"count":1,"href":"https:\/\/andrejevaite.com\/lt\/wp-json\/wp\/v2\/product\/79701\/revisions"}],"predecessor-version":[{"id":81236,"href":"https:\/\/andrejevaite.com\/lt\/wp-json\/wp\/v2\/product\/79701\/revisions\/81236"}],"wp:featuredmedia":[{"embeddable":true,"href":"https:\/\/andrejevaite.com\/lt\/wp-json\/wp\/v2\/media\/79189"}],"wp:attachment":[{"href":"https:\/\/andrejevaite.com\/lt\/wp-json\/wp\/v2\/media?parent=79701"}],"wp:term":[{"taxonomy":"product_brand","embeddable":true,"href":"https:\/\/andrejevaite.com\/lt\/wp-json\/wp\/v2\/product_brand?post=79701"},{"taxonomy":"product_cat","embeddable":true,"href":"https:\/\/andrejevaite.com\/lt\/wp-json\/wp\/v2\/product_cat?post=79701"},{"taxonomy":"product_tag","embeddable":true,"href":"https:\/\/andrejevaite.com\/lt\/wp-json\/wp\/v2\/product_tag?post=79701"}],"curies":[{"name":"wp","href":"https:\/\/api.w.org\/{rel}","templated":true}]}}