{"id":81653,"date":"2026-02-05T16:16:21","date_gmt":"2026-02-05T14:16:21","guid":{"rendered":"https:\/\/andrejevaite.com\/?post_type=product&#038;p=81653"},"modified":"2026-02-05T21:38:02","modified_gmt":"2026-02-05T19:38:02","slug":"fortepijono-studijos-nuoma-saviruosai","status":"publish","type":"product","link":"https:\/\/andrejevaite.com\/lt\/produktas\/fortepijono-studijos-nuoma-saviruosai\/","title":{"rendered":"Fortepijono studijos nuoma saviruo\u0161ai"},"content":{"rendered":"\t\t<div data-elementor-type=\"product-post\" data-elementor-id=\"81653\" class=\"elementor elementor-81653 elementor-81626\" data-elementor-post-type=\"product\">\n\t\t\t\t\t\t<section class=\"elementor-section elementor-top-section elementor-element elementor-element-f22ca51 elementor-section-boxed elementor-section-height-default elementor-section-height-default\" data-id=\"f22ca51\" data-element_type=\"section\" data-e-type=\"section\">\n\t\t\t\t\t\t<div class=\"elementor-container elementor-column-gap-no\">\n\t\t\t\t\t<div class=\"elementor-column elementor-col-100 elementor-top-column elementor-element elementor-element-eb592e9\" data-id=\"eb592e9\" data-element_type=\"column\" data-e-type=\"column\">\n\t\t\t<div class=\"elementor-widget-wrap elementor-element-populated\">\n\t\t\t\t\t\t<div class=\"elementor-element elementor-element-b233a0d elementor-widget elementor-widget-the7-accordion\" data-id=\"b233a0d\" data-element_type=\"widget\" data-e-type=\"widget\" data-widget_type=\"the7-accordion.default\">\n\t\t\t\t<div class=\"elementor-widget-container\">\n\t\t\t\t\t\t\t<div class=\"elementor-accordion the7-adv-accordion ac_bb_active_title ac_left_right_borders\" data-accordion-type=\"accordion\" role=\"tablist\">\n\t\t\t\t\t\t\t<div class=\"elementor-accordion-item\">\n\t\t\t\t\t<h6 id=\"elementor-tab-title-1861\" class=\"elementor-tab-title the7-accordion-header deactive-default\" data-tab=\"1\" role=\"tab\" aria-controls=\"elementor-tab-content-1861\">\n\n\t\t\t\t\t\t\t\t\t\t\t\t\t<span class=\"elementor-accordion-icon elementor-accordion-icon-right\" aria-hidden=\"true\">\n\t\t\t\t\t\t\t\t\t\t\t\t\t\t\t<span class=\"elementor-accordion-icon-closed\"><i class=\"the7bootstrap- the7-bootstrap-chevron-down\"><\/i><\/span>\n\t\t\t\t\t\t\t\t\t\t\t\t\t\t\t\t\t<span class=\"elementor-accordion-icon-opened\"><i class=\"the7bootstrap- the7-bootstrap-chevron-up\"><\/i><\/span>\n\t\t\t\t\t\t\t\t\t\t\t\t\t\t\t\t\t\t\t\t\t\t<\/span>\n\t\t\t\t\t\t\t\t\t\t\t\t\t\t\t\t\t\t<a class=\"elementor-accordion-title\" href=\"\">APIE STUDIJOS NUOM\u0104<\/a>\n\t\t\t\t\t<\/h6>\n\t\t\t\t\t<div id=\"elementor-tab-content-1861\" class=\"elementor-tab-content elementor-clearfix deactive-default\" data-tab=\"1\" role=\"tabpanel\" aria-labelledby=\"elementor-tab-title-1861\"><p>Reikia erdv\u0117s repetuoti? Ramios atmosferos tobul\u0117ti? O gal tiesiog pasim\u0117gauti grojimu vienumoje?<\/p>\n<p>Lietuvoje vis dar labai sunku rasti viet\u0105, kurioje galima b\u016bt\u0173 groti akustiniu fortepijonu pasirinktu laiku ir trukme neribojant sav\u0119s d\u0117l \u201eskleid\u017eiamo triuk\u0161mo\u201d.<\/p>\n<p>Pianist\u0117, Egl\u0117 Andrejevait\u0117, \u012fk\u016brusi fortepijono studij\u0105 \u201eTonArt\u201d, pirmoji Lietuvoje suk\u016br\u0117 s\u0105lygas ir galimyb\u0119 oficialiai dalintis repeticij\u0173 erdve su kitais pianistais.<\/p>\n<p>TonArt studija nuo 2022-\u0173j\u0173 \u012ftraukta \u012f tarptautin\u0119 muzikos studij\u0173 nuomos platform\u0105 <a href=\"https:\/\/www.musictraveler.com\/en\/lithuania\/vilnius\/studio\/tonart-piano-studio\/2842\/2024\/11\/22\/\" target=\"_blank\" rel=\"noopener\">Music Traveler.<\/a><\/p>\n<\/div>\n\t\t\t\t<\/div>\n\t\t\t\t\t\t\t<div class=\"elementor-accordion-item\">\n\t\t\t\t\t<h6 id=\"elementor-tab-title-1862\" class=\"elementor-tab-title the7-accordion-header\" data-tab=\"2\" role=\"tab\" aria-controls=\"elementor-tab-content-1862\">\n\n\t\t\t\t\t\t\t\t\t\t\t\t\t<span class=\"elementor-accordion-icon elementor-accordion-icon-right\" aria-hidden=\"true\">\n\t\t\t\t\t\t\t\t\t\t\t\t\t\t\t<span class=\"elementor-accordion-icon-closed\"><i class=\"the7bootstrap- the7-bootstrap-chevron-down\"><\/i><\/span>\n\t\t\t\t\t\t\t\t\t\t\t\t\t\t\t\t\t<span class=\"elementor-accordion-icon-opened\"><i class=\"the7bootstrap- the7-bootstrap-chevron-up\"><\/i><\/span>\n\t\t\t\t\t\t\t\t\t\t\t\t\t\t\t\t\t\t\t\t\t\t<\/span>\n\t\t\t\t\t\t\t\t\t\t\t\t\t\t\t\t\t\t<a class=\"elementor-accordion-title\" href=\"\">APIE INSTRUMENT\u0104<\/a>\n\t\t\t\t\t<\/h6>\n\t\t\t\t\t<div id=\"elementor-tab-content-1862\" class=\"elementor-tab-content elementor-clearfix\" data-tab=\"2\" role=\"tabpanel\" aria-labelledby=\"elementor-tab-title-1862\"><p>TonArt studijoje grosite <em>Johannes Seiler 186 Traditio<\/em> fortepijonu pagamintu 2025 metais Vokietijoje.<\/p>\n<p>SEILER fortepijonai pianist\u0173 bendruomen\u0117je vertinami d\u0117l ai\u0161kaus, rai\u0161kaus ir modernaus garso. Atstovas Lietuvoje \u2013 Audrius Bla\u017ei\u016bnas. Prie instrumento \u2013 profesionalus pianisto suoliukas su hidrauliniu mechanizmu.<\/p>\n<\/div>\n\t\t\t\t<\/div>\n\t\t\t\t\t\t\t<div class=\"elementor-accordion-item\">\n\t\t\t\t\t<h6 id=\"elementor-tab-title-1863\" class=\"elementor-tab-title the7-accordion-header\" data-tab=\"3\" role=\"tab\" aria-controls=\"elementor-tab-content-1863\">\n\n\t\t\t\t\t\t\t\t\t\t\t\t\t<span class=\"elementor-accordion-icon elementor-accordion-icon-right\" aria-hidden=\"true\">\n\t\t\t\t\t\t\t\t\t\t\t\t\t\t\t<span class=\"elementor-accordion-icon-closed\"><i class=\"the7bootstrap- the7-bootstrap-chevron-down\"><\/i><\/span>\n\t\t\t\t\t\t\t\t\t\t\t\t\t\t\t\t\t<span class=\"elementor-accordion-icon-opened\"><i class=\"the7bootstrap- the7-bootstrap-chevron-up\"><\/i><\/span>\n\t\t\t\t\t\t\t\t\t\t\t\t\t\t\t\t\t\t\t\t\t\t<\/span>\n\t\t\t\t\t\t\t\t\t\t\t\t\t\t\t\t\t\t<a class=\"elementor-accordion-title\" href=\"\">APIE STUDIJ\u0104<\/a>\n\t\t\t\t\t<\/h6>\n\t\t\t\t\t<div id=\"elementor-tab-content-1863\" class=\"elementor-tab-content elementor-clearfix\" data-tab=\"3\" role=\"tabpanel\" aria-labelledby=\"elementor-tab-title-1863\"><ul>\n<li><strong>Adresas:<\/strong> Vilniaus g. 16, Vilnius \/ \u012f\u0117jimas per vartus \u012f vidin\u012f kiem\u0105 prie\u0161ais DA ANTONIO restoran\u0105<\/li>\n<li>15 kv.m.<\/li>\n<li>\u012f\u0117jimas 24\/7,<\/li>\n<li>fortepijonas Johannes Seiler su k\u0117dute,<\/li>\n<li>Wi-Fi, kava \/ arbata \/ vanduo.<\/li>\n<\/ul>\n<\/div>\n\t\t\t\t<\/div>\n\t\t\t\t\t\t\t<div class=\"elementor-accordion-item\">\n\t\t\t\t\t<h6 id=\"elementor-tab-title-1864\" class=\"elementor-tab-title the7-accordion-header\" data-tab=\"4\" role=\"tab\" aria-controls=\"elementor-tab-content-1864\">\n\n\t\t\t\t\t\t\t\t\t\t\t\t\t<span class=\"elementor-accordion-icon elementor-accordion-icon-right\" aria-hidden=\"true\">\n\t\t\t\t\t\t\t\t\t\t\t\t\t\t\t<span class=\"elementor-accordion-icon-closed\"><i class=\"the7bootstrap- the7-bootstrap-chevron-down\"><\/i><\/span>\n\t\t\t\t\t\t\t\t\t\t\t\t\t\t\t\t\t<span class=\"elementor-accordion-icon-opened\"><i class=\"the7bootstrap- the7-bootstrap-chevron-up\"><\/i><\/span>\n\t\t\t\t\t\t\t\t\t\t\t\t\t\t\t\t\t\t\t\t\t\t<\/span>\n\t\t\t\t\t\t\t\t\t\t\t\t\t\t\t\t\t\t<a class=\"elementor-accordion-title\" href=\"\">KAINA<\/a>\n\t\t\t\t\t<\/h6>\n\t\t\t\t\t<div id=\"elementor-tab-content-1864\" class=\"elementor-tab-content elementor-clearfix\" data-tab=\"4\" role=\"tabpanel\" aria-labelledby=\"elementor-tab-title-1864\"><ul>\n<li><strong>Vienkartinis vizitas:<\/strong> 12 Eur \/ 1 val.,<br \/>antrai ir kitoms valandoms tuo pa\u010diu apsilankymu \u2013 50 % nuolaida.<\/li>\n<li><strong>Abonementas:<\/strong> 80 Eur \/ 10 val.<br \/>Galioja iki 2026 12 31, nepanaudotos valandos \u012f pinigus \u2013 nekei\u010diamos.<\/li>\n<\/ul>\n<\/div>\n\t\t\t\t<\/div>\n\t\t\t\t\t\t\t<div class=\"elementor-accordion-item\">\n\t\t\t\t\t<h6 id=\"elementor-tab-title-1865\" class=\"elementor-tab-title the7-accordion-header\" data-tab=\"5\" role=\"tab\" aria-controls=\"elementor-tab-content-1865\">\n\n\t\t\t\t\t\t\t\t\t\t\t\t\t<span class=\"elementor-accordion-icon elementor-accordion-icon-right\" aria-hidden=\"true\">\n\t\t\t\t\t\t\t\t\t\t\t\t\t\t\t<span class=\"elementor-accordion-icon-closed\"><i class=\"the7bootstrap- the7-bootstrap-chevron-down\"><\/i><\/span>\n\t\t\t\t\t\t\t\t\t\t\t\t\t\t\t\t\t<span class=\"elementor-accordion-icon-opened\"><i class=\"the7bootstrap- the7-bootstrap-chevron-up\"><\/i><\/span>\n\t\t\t\t\t\t\t\t\t\t\t\t\t\t\t\t\t\t\t\t\t\t<\/span>\n\t\t\t\t\t\t\t\t\t\t\t\t\t\t\t\t\t\t<a class=\"elementor-accordion-title\" href=\"\">Papildoma informacija<\/a>\n\t\t\t\t\t<\/h6>\n\t\t\t\t\t<div id=\"elementor-tab-content-1865\" class=\"elementor-tab-content elementor-clearfix\" data-tab=\"5\" role=\"tabpanel\" aria-labelledby=\"elementor-tab-title-1865\"><ul>\n<li>Su pirm\u0105kart grojan\u010diais pasira\u0161oma sutartis.<\/li>\n<li>Grojantiems daugiau nei 5 val., sukuriama individuali <strong>TonArt lankytojo e-kortel\u0117<\/strong>. Joje matysite vizit\u0173 panaudojimo status\u0105.<\/li>\n<\/ul>\n<\/div>\n\t\t\t\t<\/div>\n\t\t\t\t\t\t\t<div class=\"elementor-accordion-item\">\n\t\t\t\t\t<h6 id=\"elementor-tab-title-1866\" class=\"elementor-tab-title the7-accordion-header\" data-tab=\"6\" role=\"tab\" aria-controls=\"elementor-tab-content-1866\">\n\n\t\t\t\t\t\t\t\t\t\t\t\t\t<span class=\"elementor-accordion-icon elementor-accordion-icon-right\" aria-hidden=\"true\">\n\t\t\t\t\t\t\t\t\t\t\t\t\t\t\t<span class=\"elementor-accordion-icon-closed\"><i class=\"the7bootstrap- the7-bootstrap-chevron-down\"><\/i><\/span>\n\t\t\t\t\t\t\t\t\t\t\t\t\t\t\t\t\t<span class=\"elementor-accordion-icon-opened\"><i class=\"the7bootstrap- the7-bootstrap-chevron-up\"><\/i><\/span>\n\t\t\t\t\t\t\t\t\t\t\t\t\t\t\t\t\t\t\t\t\t\t<\/span>\n\t\t\t\t\t\t\t\t\t\t\t\t\t\t\t\t\t\t<a class=\"elementor-accordion-title\" href=\"\">Rezervacijos at\u0161aukimas<\/a>\n\t\t\t\t\t<\/h6>\n\t\t\t\t\t<div id=\"elementor-tab-content-1866\" class=\"elementor-tab-content elementor-clearfix\" data-tab=\"6\" role=\"tabpanel\" aria-labelledby=\"elementor-tab-title-1866\"><ul>\n<li>Jeigu laiko galimyb\u0117s kei\u010diasi <strong>ne v\u0117liau kaip 48 val.<\/strong> iki rezervacijos prad\u017eios. Laikas perkeliamas \u012f kit\u0105 abipusiai tinkam\u0105 laik\u0105 be mokes\u010dio, vizitas laikomas ne\u012fvykusiu.<\/li>\n<li>Jeigu laiko galimyb\u0117s kei\u010diasi <strong>v\u0117liau kaip 48 val.<\/strong> iki rezervacijos prad\u017eios, bus bandoma rasti kit\u0105 laik\u0105 6 kalendorini\u0173 dien\u0173 b\u0117gyje, kuris b\u016bt\u0173 abipusiai tinkamas. Nepavykus \u2013 vizitas laikomas \u012fvykusiu, pinigai \u2013 negr\u0105\u017einami.<\/li>\n<\/ul>\n<\/div>\n\t\t\t\t<\/div>\n\t\t\t\t\t<\/div>\n\t\t\t\t\t\t<\/div>\n\t\t\t\t<\/div>\n\t\t\t\t<div class=\"elementor-element elementor-element-bdfc002 elementor-widget elementor-widget-text-editor\" data-id=\"bdfc002\" data-element_type=\"widget\" data-e-type=\"widget\" data-widget_type=\"text-editor.default\">\n\t\t\t\t<div class=\"elementor-widget-container\">\n\t\t\t\t\t\t\t\t\t<ul><li><strong>Norite padovanoti grojim\u0105 studijoje? <\/strong><a href=\"https:\/\/andrejevaite.com\/lt\/produktas\/dovanu-kuponai\/\">\u012esigykite dovan\u0173 kupon\u0105 &gt;&gt;<\/a><\/li><li><strong>Grojote TonArt?<\/strong> <a href=\"https:\/\/andrejevaite.com\/lt\/produktas\/fortepijono-studijos-nuoma-saviruosai\/#reviews\">Palikite atsiliepim\u0105<\/a> A\u010di\u016b!<\/li><li><strong>Turite klausim\u0173?<\/strong> <a href=\"https:\/\/andrejevaite.com\/lt\/kontaktai\/\">Susisiekite &gt;&gt;<\/a><\/li><\/ul>\t\t\t\t\t\t\t\t<\/div>\n\t\t\t\t<\/div>\n\t\t\t\t\t<\/div>\n\t\t<\/div>\n\t\t\t\t\t<\/div>\n\t\t<\/section>\n\t\t\t\t<\/div>\n\t\t","protected":false},"excerpt":{"rendered":"<p>Ie\u0161kote ramios erdv\u0117s repetuoti Vilniuje?<\/p>\n<p>TonArt fortepijono studija, \u012fkurta pianist\u0117s Egl\u0117s Andrejevait\u0117s, si\u016blo profesionali\u0105 repeticij\u0173 erdv\u0119 Vilniaus centre. Nuo 2022 m. studija \u012ftraukta \u012f tarptautin\u0119 platform\u0105 Music Traveler.<\/p>\n<p>Studijoje \u2013 J<em>ohannes Seiler 186 Traditio<\/em> fortepijonas (Vokietija, 2025), vertinamas d\u0117l ai\u0161kaus, modernaus ir rai\u0161kaus garso.<\/p>\n","protected":false},"featured_media":81651,"comment_status":"open","ping_status":"closed","template":"","meta":{"inline_featured_image":false},"product_brand":[],"product_cat":[294],"product_tag":[],"class_list":{"0":"post-81653","1":"product","2":"type-product","3":"status-publish","4":"has-post-thumbnail","6":"product_cat-kitos","8":"first","9":"instock","10":"shipping-taxable","11":"purchasable","12":"product-type-variable"},"yoast_head":"<!-- This site is optimized with the Yoast SEO plugin v27.3 - https:\/\/yoast.com\/product\/yoast-seo-wordpress\/ -->\n<title>Fortepijono studijos nuoma saviruo\u0161ai<\/title>\n<meta name=\"description\" content=\"Ie\u0161kote ramios erdv\u0117s repetuoti Vilniuje?\" \/>\n<meta name=\"robots\" content=\"index, follow, max-snippet:-1, max-image-preview:large, max-video-preview:-1\" \/>\n<link rel=\"canonical\" href=\"https:\/\/andrejevaite.com\/lt\/produktas\/fortepijono-studijos-nuoma-saviruosai\/\" \/>\n<meta property=\"og:locale\" content=\"lt_LT\" \/>\n<meta property=\"og:type\" content=\"article\" \/>\n<meta property=\"og:title\" content=\"Fortepijono studijos nuoma saviruo\u0161ai\" \/>\n<meta property=\"og:description\" content=\"Ie\u0161kote ramios erdv\u0117s repetuoti Vilniuje?\" \/>\n<meta property=\"og:url\" content=\"https:\/\/andrejevaite.com\/lt\/produktas\/fortepijono-studijos-nuoma-saviruosai\/\" \/>\n<meta property=\"og:site_name\" content=\"Egl\u0117 Andrejevait\u0117\" \/>\n<meta property=\"article:modified_time\" content=\"2026-02-05T19:38:02+00:00\" \/>\n<meta property=\"og:image\" content=\"https:\/\/andrejevaite.com\/wp-content\/uploads\/2026\/02\/Piano-Studio-Rental-for-Individual-Practice-TonArt.jpg\" \/>\n\t<meta property=\"og:image:width\" content=\"1000\" \/>\n\t<meta property=\"og:image:height\" content=\"1000\" \/>\n\t<meta property=\"og:image:type\" content=\"image\/jpeg\" \/>\n<meta name=\"twitter:label1\" content=\"Est. reading time\" \/>\n\t<meta name=\"twitter:data1\" content=\"2 minut\u0117s\" \/>\n<script type=\"application\/ld+json\" class=\"yoast-schema-graph\">{\"@context\":\"https:\\\/\\\/schema.org\",\"@graph\":[{\"@type\":\"WebPage\",\"@id\":\"https:\\\/\\\/andrejevaite.com\\\/lt\\\/produktas\\\/fortepijono-studijos-nuoma-saviruosai\\\/\",\"url\":\"https:\\\/\\\/andrejevaite.com\\\/lt\\\/produktas\\\/fortepijono-studijos-nuoma-saviruosai\\\/\",\"name\":\"Fortepijono studijos nuoma saviruo\u0161ai\",\"isPartOf\":{\"@id\":\"https:\\\/\\\/andrejevaite.com\\\/lt\\\/#website\"},\"primaryImageOfPage\":{\"@id\":\"https:\\\/\\\/andrejevaite.com\\\/lt\\\/produktas\\\/fortepijono-studijos-nuoma-saviruosai\\\/#primaryimage\"},\"image\":{\"@id\":\"https:\\\/\\\/andrejevaite.com\\\/lt\\\/produktas\\\/fortepijono-studijos-nuoma-saviruosai\\\/#primaryimage\"},\"thumbnailUrl\":\"https:\\\/\\\/andrejevaite.com\\\/wp-content\\\/uploads\\\/2026\\\/02\\\/Piano-Studio-Rental-for-Individual-Practice-TonArt.jpg\",\"datePublished\":\"2026-02-05T14:16:21+00:00\",\"dateModified\":\"2026-02-05T19:38:02+00:00\",\"description\":\"Ie\u0161kote ramios erdv\u0117s repetuoti Vilniuje?\",\"breadcrumb\":{\"@id\":\"https:\\\/\\\/andrejevaite.com\\\/lt\\\/produktas\\\/fortepijono-studijos-nuoma-saviruosai\\\/#breadcrumb\"},\"inLanguage\":\"lt-LT\",\"potentialAction\":[{\"@type\":\"ReadAction\",\"target\":[\"https:\\\/\\\/andrejevaite.com\\\/lt\\\/produktas\\\/fortepijono-studijos-nuoma-saviruosai\\\/\"]}]},{\"@type\":\"ImageObject\",\"inLanguage\":\"lt-LT\",\"@id\":\"https:\\\/\\\/andrejevaite.com\\\/lt\\\/produktas\\\/fortepijono-studijos-nuoma-saviruosai\\\/#primaryimage\",\"url\":\"https:\\\/\\\/andrejevaite.com\\\/wp-content\\\/uploads\\\/2026\\\/02\\\/Piano-Studio-Rental-for-Individual-Practice-TonArt.jpg\",\"contentUrl\":\"https:\\\/\\\/andrejevaite.com\\\/wp-content\\\/uploads\\\/2026\\\/02\\\/Piano-Studio-Rental-for-Individual-Practice-TonArt.jpg\",\"width\":1000,\"height\":1000,\"caption\":\"Fortepijono studijos nuoma saviruo\u0161ai\"},{\"@type\":\"BreadcrumbList\",\"@id\":\"https:\\\/\\\/andrejevaite.com\\\/lt\\\/produktas\\\/fortepijono-studijos-nuoma-saviruosai\\\/#breadcrumb\",\"itemListElement\":[{\"@type\":\"ListItem\",\"position\":1,\"name\":\"Prad\u017eia\",\"item\":\"https:\\\/\\\/andrejevaite.com\\\/lt\\\/\"},{\"@type\":\"ListItem\",\"position\":2,\"name\":\"Parduotuv\u0117\",\"item\":\"https:\\\/\\\/andrejevaite.com\\\/lt\\\/parduotuve\\\/\"},{\"@type\":\"ListItem\",\"position\":3,\"name\":\"Fortepijono studijos nuoma saviruo\u0161ai\"}]},{\"@type\":\"WebSite\",\"@id\":\"https:\\\/\\\/andrejevaite.com\\\/lt\\\/#website\",\"url\":\"https:\\\/\\\/andrejevaite.com\\\/lt\\\/\",\"name\":\"Egl\u0117 Andrejevait\u0117\",\"description\":\"Concert pianist\",\"potentialAction\":[{\"@type\":\"SearchAction\",\"target\":{\"@type\":\"EntryPoint\",\"urlTemplate\":\"https:\\\/\\\/andrejevaite.com\\\/lt\\\/?s={search_term_string}\"},\"query-input\":{\"@type\":\"PropertyValueSpecification\",\"valueRequired\":true,\"valueName\":\"search_term_string\"}}],\"inLanguage\":\"lt-LT\"}]}<\/script>\n<!-- \/ Yoast SEO plugin. -->","yoast_head_json":{"title":"Fortepijono studijos nuoma saviruo\u0161ai","description":"Ie\u0161kote ramios erdv\u0117s repetuoti Vilniuje?","robots":{"index":"index","follow":"follow","max-snippet":"max-snippet:-1","max-image-preview":"max-image-preview:large","max-video-preview":"max-video-preview:-1"},"canonical":"https:\/\/andrejevaite.com\/lt\/produktas\/fortepijono-studijos-nuoma-saviruosai\/","og_locale":"lt_LT","og_type":"article","og_title":"Fortepijono studijos nuoma saviruo\u0161ai","og_description":"Ie\u0161kote ramios erdv\u0117s repetuoti Vilniuje?","og_url":"https:\/\/andrejevaite.com\/lt\/produktas\/fortepijono-studijos-nuoma-saviruosai\/","og_site_name":"Egl\u0117 Andrejevait\u0117","article_modified_time":"2026-02-05T19:38:02+00:00","og_image":[{"width":1000,"height":1000,"url":"https:\/\/andrejevaite.com\/wp-content\/uploads\/2026\/02\/Piano-Studio-Rental-for-Individual-Practice-TonArt.jpg","type":"image\/jpeg"}],"twitter_misc":{"Est. reading time":"2 minut\u0117s"},"schema":{"@context":"https:\/\/schema.org","@graph":[{"@type":"WebPage","@id":"https:\/\/andrejevaite.com\/lt\/produktas\/fortepijono-studijos-nuoma-saviruosai\/","url":"https:\/\/andrejevaite.com\/lt\/produktas\/fortepijono-studijos-nuoma-saviruosai\/","name":"Fortepijono studijos nuoma saviruo\u0161ai","isPartOf":{"@id":"https:\/\/andrejevaite.com\/lt\/#website"},"primaryImageOfPage":{"@id":"https:\/\/andrejevaite.com\/lt\/produktas\/fortepijono-studijos-nuoma-saviruosai\/#primaryimage"},"image":{"@id":"https:\/\/andrejevaite.com\/lt\/produktas\/fortepijono-studijos-nuoma-saviruosai\/#primaryimage"},"thumbnailUrl":"https:\/\/andrejevaite.com\/wp-content\/uploads\/2026\/02\/Piano-Studio-Rental-for-Individual-Practice-TonArt.jpg","datePublished":"2026-02-05T14:16:21+00:00","dateModified":"2026-02-05T19:38:02+00:00","description":"Ie\u0161kote ramios erdv\u0117s repetuoti Vilniuje?","breadcrumb":{"@id":"https:\/\/andrejevaite.com\/lt\/produktas\/fortepijono-studijos-nuoma-saviruosai\/#breadcrumb"},"inLanguage":"lt-LT","potentialAction":[{"@type":"ReadAction","target":["https:\/\/andrejevaite.com\/lt\/produktas\/fortepijono-studijos-nuoma-saviruosai\/"]}]},{"@type":"ImageObject","inLanguage":"lt-LT","@id":"https:\/\/andrejevaite.com\/lt\/produktas\/fortepijono-studijos-nuoma-saviruosai\/#primaryimage","url":"https:\/\/andrejevaite.com\/wp-content\/uploads\/2026\/02\/Piano-Studio-Rental-for-Individual-Practice-TonArt.jpg","contentUrl":"https:\/\/andrejevaite.com\/wp-content\/uploads\/2026\/02\/Piano-Studio-Rental-for-Individual-Practice-TonArt.jpg","width":1000,"height":1000,"caption":"Fortepijono studijos nuoma saviruo\u0161ai"},{"@type":"BreadcrumbList","@id":"https:\/\/andrejevaite.com\/lt\/produktas\/fortepijono-studijos-nuoma-saviruosai\/#breadcrumb","itemListElement":[{"@type":"ListItem","position":1,"name":"Prad\u017eia","item":"https:\/\/andrejevaite.com\/lt\/"},{"@type":"ListItem","position":2,"name":"Parduotuv\u0117","item":"https:\/\/andrejevaite.com\/lt\/parduotuve\/"},{"@type":"ListItem","position":3,"name":"Fortepijono studijos nuoma saviruo\u0161ai"}]},{"@type":"WebSite","@id":"https:\/\/andrejevaite.com\/lt\/#website","url":"https:\/\/andrejevaite.com\/lt\/","name":"Egl\u0117 Andrejevait\u0117","description":"Concert pianist","potentialAction":[{"@type":"SearchAction","target":{"@type":"EntryPoint","urlTemplate":"https:\/\/andrejevaite.com\/lt\/?s={search_term_string}"},"query-input":{"@type":"PropertyValueSpecification","valueRequired":true,"valueName":"search_term_string"}}],"inLanguage":"lt-LT"}]}},"_links":{"self":[{"href":"https:\/\/andrejevaite.com\/lt\/wp-json\/wp\/v2\/product\/81653","targetHints":{"allow":["GET"]}}],"collection":[{"href":"https:\/\/andrejevaite.com\/lt\/wp-json\/wp\/v2\/product"}],"about":[{"href":"https:\/\/andrejevaite.com\/lt\/wp-json\/wp\/v2\/types\/product"}],"replies":[{"embeddable":true,"href":"https:\/\/andrejevaite.com\/lt\/wp-json\/wp\/v2\/comments?post=81653"}],"version-history":[{"count":8,"href":"https:\/\/andrejevaite.com\/lt\/wp-json\/wp\/v2\/product\/81653\/revisions"}],"predecessor-version":[{"id":81665,"href":"https:\/\/andrejevaite.com\/lt\/wp-json\/wp\/v2\/product\/81653\/revisions\/81665"}],"wp:featuredmedia":[{"embeddable":true,"href":"https:\/\/andrejevaite.com\/lt\/wp-json\/wp\/v2\/media\/81651"}],"wp:attachment":[{"href":"https:\/\/andrejevaite.com\/lt\/wp-json\/wp\/v2\/media?parent=81653"}],"wp:term":[{"taxonomy":"product_brand","embeddable":true,"href":"https:\/\/andrejevaite.com\/lt\/wp-json\/wp\/v2\/product_brand?post=81653"},{"taxonomy":"product_cat","embeddable":true,"href":"https:\/\/andrejevaite.com\/lt\/wp-json\/wp\/v2\/product_cat?post=81653"},{"taxonomy":"product_tag","embeddable":true,"href":"https:\/\/andrejevaite.com\/lt\/wp-json\/wp\/v2\/product_tag?post=81653"}],"curies":[{"name":"wp","href":"https:\/\/api.w.org\/{rel}","templated":true}]}}